{"id":361,"date":"2024-10-07T16:09:47","date_gmt":"2024-10-07T16:09:47","guid":{"rendered":"https:\/\/unternehmensberatung-jarosch.com\/?page_id=361"},"modified":"2025-06-12T14:35:05","modified_gmt":"2025-06-12T14:35:05","slug":"ueber-mich","status":"publish","type":"page","link":"https:\/\/unternehmensberatung-jarosch.com\/en\/ueber-mich\/","title":{"rendered":"\u00dcber mich"},"content":{"rendered":"\t\t<div data-elementor-type=\"wp-page\" data-elementor-id=\"361\" class=\"elementor elementor-361\" data-elementor-post-type=\"page\">\n\t\t\t\t<div class=\"elementor-element elementor-element-49ee328 e-flex e-con-boxed e-con e-parent\" data-id=\"49ee328\" data-element_type=\"container\" data-e-type=\"container\" data-settings=\"{&quot;background_background&quot;:&quot;classic&quot;}\">\n\t\t\t\t\t<div class=\"e-con-inner\">\n\t\t\t\t\t<\/div>\n\t\t\t\t<\/div>\n\t\t<div class=\"elementor-element elementor-element-d2efe3b e-flex e-con-boxed e-con e-parent\" data-id=\"d2efe3b\" data-element_type=\"container\" data-e-type=\"container\">\n\t\t\t\t\t<div class=\"e-con-inner\">\n\t\t<div class=\"elementor-element elementor-element-895bdd6 e-con-full e-flex e-con e-child\" data-id=\"895bdd6\" data-element_type=\"container\" data-e-type=\"container\">\n\t\t\t\t<div class=\"elementor-element elementor-element-b588964 elementor-hidden-mobile elementor-view-default elementor-invisible elementor-widget elementor-widget-icon\" data-id=\"b588964\" data-element_type=\"widget\" data-e-type=\"widget\" data-settings=\"{&quot;_animation&quot;:&quot;fadeIn&quot;}\" data-widget_type=\"icon.default\">\n\t\t\t\t<div class=\"elementor-widget-container\">\n\t\t\t\t\t\t\t<div class=\"elementor-icon-wrapper\">\n\t\t\t<div class=\"elementor-icon\">\n\t\t\t<svg aria-hidden=\"true\" class=\"e-font-icon-svg e-fas-circle\" viewBox=\"0 0 512 512\" xmlns=\"http:\/\/www.w3.org\/2000\/svg\"><path d=\"M256 8C119 8 8 119 8 256s111 248 248 248 248-111 248-248S393 8 256 8z\"><\/path><\/svg>\t\t\t<\/div>\n\t\t<\/div>\n\t\t\t\t\t\t<\/div>\n\t\t\t\t<\/div>\n\t\t\t\t<div class=\"elementor-element elementor-element-346dfcc elementor-hidden-desktop elementor-hidden-tablet elementor-hidden-widescreen elementor-view-default elementor-invisible elementor-widget elementor-widget-icon\" data-id=\"346dfcc\" data-element_type=\"widget\" data-e-type=\"widget\" data-settings=\"{&quot;_animation&quot;:&quot;fadeIn&quot;}\" data-widget_type=\"icon.default\">\n\t\t\t\t<div class=\"elementor-widget-container\">\n\t\t\t\t\t\t\t<div class=\"elementor-icon-wrapper\">\n\t\t\t<div class=\"elementor-icon\">\n\t\t\t<svg aria-hidden=\"true\" class=\"e-font-icon-svg e-fas-circle\" viewBox=\"0 0 512 512\" xmlns=\"http:\/\/www.w3.org\/2000\/svg\"><path d=\"M256 8C119 8 8 119 8 256s111 248 248 248 248-111 248-248S393 8 256 8z\"><\/path><\/svg>\t\t\t<\/div>\n\t\t<\/div>\n\t\t\t\t\t\t<\/div>\n\t\t\t\t<\/div>\n\t\t\t\t<div class=\"elementor-element elementor-element-f2a56ee elementor-widget__width-initial elementor-invisible elementor-widget elementor-widget-text-editor\" data-id=\"f2a56ee\" data-element_type=\"widget\" data-e-type=\"widget\" data-settings=\"{&quot;_animation&quot;:&quot;fadeIn&quot;}\" data-widget_type=\"text-editor.default\">\n\t\t\t\t<div class=\"elementor-widget-container\">\n\t\t\t\t\t\t\t\t\t<p style=\"text-align: right;\">1960<br \/><strong>That&#8217;s me<\/strong><br \/>My name is Uwe-Klaus Jarosch<\/p>\t\t\t\t\t\t\t\t<\/div>\n\t\t\t\t<\/div>\n\t\t\t\t<\/div>\n\t\t<div class=\"elementor-element elementor-element-f7397f5 e-con-full e-flex e-con e-child\" data-id=\"f7397f5\" data-element_type=\"container\" data-e-type=\"container\">\n\t\t\t\t<\/div>\n\t\t<div class=\"elementor-element elementor-element-3400589 e-con-full elementor-hidden-mobile e-flex e-con e-child\" data-id=\"3400589\" data-element_type=\"container\" data-e-type=\"container\">\n\t\t\t\t<\/div>\n\t\t<div class=\"elementor-element elementor-element-fea9e4d e-con-full e-flex e-con e-child\" data-id=\"fea9e4d\" data-element_type=\"container\" data-e-type=\"container\">\n\t\t\t\t<div class=\"elementor-element elementor-element-55b2bae elementor-view-default elementor-invisible elementor-widget elementor-widget-icon\" data-id=\"55b2bae\" data-element_type=\"widget\" data-e-type=\"widget\" data-settings=\"{&quot;_animation&quot;:&quot;fadeIn&quot;}\" data-widget_type=\"icon.default\">\n\t\t\t\t<div class=\"elementor-widget-container\">\n\t\t\t\t\t\t\t<div class=\"elementor-icon-wrapper\">\n\t\t\t<div class=\"elementor-icon\">\n\t\t\t<svg aria-hidden=\"true\" class=\"e-font-icon-svg e-fas-circle\" viewBox=\"0 0 512 512\" xmlns=\"http:\/\/www.w3.org\/2000\/svg\"><path d=\"M256 8C119 8 8 119 8 256s111 248 248 248 248-111 248-248S393 8 256 8z\"><\/path><\/svg>\t\t\t<\/div>\n\t\t<\/div>\n\t\t\t\t\t\t<\/div>\n\t\t\t\t<\/div>\n\t\t\t\t<div class=\"elementor-element elementor-element-9263810 elementor-widget__width-initial elementor-invisible elementor-widget elementor-widget-text-editor\" data-id=\"9263810\" data-element_type=\"widget\" data-e-type=\"widget\" data-settings=\"{&quot;_animation&quot;:&quot;fadeIn&quot;}\" data-widget_type=\"text-editor.default\">\n\t\t\t\t<div class=\"elementor-widget-container\">\n\t\t\t\t\t\t\t\t\t<p>1981-1996<br \/>Education, Research and Teaching<br \/>I have been interested in technology from start. Therefore, I started my studies at RWTH Aachen in mechanical engineering.<br \/>In this time the Fraunhofer Institute for Laser Technology was founded. I was one of the first students working for the institute, in research as well as for rehersals. Physics for engineers is perfectly included in a PH.D. on highest power CO2 lasers.<\/p>\t\t\t\t\t\t\t\t<\/div>\n\t\t\t\t<\/div>\n\t\t\t\t<\/div>\n\t\t\t\t\t<\/div>\n\t\t\t\t<\/div>\n\t\t<div class=\"elementor-element elementor-element-8905f44 e-flex e-con-boxed e-con e-parent\" data-id=\"8905f44\" data-element_type=\"container\" data-e-type=\"container\">\n\t\t\t\t\t<div class=\"e-con-inner\">\n\t\t<div class=\"elementor-element elementor-element-8e8f015 e-con-full e-flex e-con e-child\" data-id=\"8e8f015\" data-element_type=\"container\" data-e-type=\"container\">\n\t\t\t\t<div class=\"elementor-element elementor-element-8585850 elementor-view-default elementor-invisible elementor-widget elementor-widget-icon\" data-id=\"8585850\" data-element_type=\"widget\" data-e-type=\"widget\" data-settings=\"{&quot;_animation&quot;:&quot;fadeIn&quot;}\" data-widget_type=\"icon.default\">\n\t\t\t\t<div class=\"elementor-widget-container\">\n\t\t\t\t\t\t\t<div class=\"elementor-icon-wrapper\">\n\t\t\t<div class=\"elementor-icon\">\n\t\t\t<svg aria-hidden=\"true\" class=\"e-font-icon-svg e-fas-circle\" viewBox=\"0 0 512 512\" xmlns=\"http:\/\/www.w3.org\/2000\/svg\"><path d=\"M256 8C119 8 8 119 8 256s111 248 248 248 248-111 248-248S393 8 256 8z\"><\/path><\/svg>\t\t\t<\/div>\n\t\t<\/div>\n\t\t\t\t\t\t<\/div>\n\t\t\t\t<\/div>\n\t\t\t\t<div class=\"elementor-element elementor-element-9943c52 elementor-widget__width-initial elementor-invisible elementor-widget elementor-widget-text-editor\" data-id=\"9943c52\" data-element_type=\"widget\" data-e-type=\"widget\" data-settings=\"{&quot;_animation&quot;:&quot;fadeIn&quot;}\" data-widget_type=\"text-editor.default\">\n\t\t\t\t<div class=\"elementor-widget-container\">\n\t\t\t\t\t\t\t\t\t<p>1997<\/p><h5><strong>Operations<\/strong><\/h5><p>Working as operations manager for laser engraved printing rollers at Haldenwanger, Berlin, I got an impression how important it is to have a plan in detail for a successful production site. Additionally, I became involved in audits and metrology as the QM representative of the company.<\/p>\t\t\t\t\t\t\t\t<\/div>\n\t\t\t\t<\/div>\n\t\t\t\t<\/div>\n\t\t<div class=\"elementor-element elementor-element-53e5189 e-con-full e-flex e-con e-child\" data-id=\"53e5189\" data-element_type=\"container\" data-e-type=\"container\">\n\t\t\t\t<\/div>\n\t\t<div class=\"elementor-element elementor-element-8661369 e-con-full elementor-hidden-mobile e-flex e-con e-child\" data-id=\"8661369\" data-element_type=\"container\" data-e-type=\"container\">\n\t\t\t\t<\/div>\n\t\t<div class=\"elementor-element elementor-element-0ff503b e-con-full e-flex e-con e-child\" data-id=\"0ff503b\" data-element_type=\"container\" data-e-type=\"container\">\n\t\t\t\t<div class=\"elementor-element elementor-element-4fbde18 elementor-view-default elementor-invisible elementor-widget elementor-widget-icon\" data-id=\"4fbde18\" data-element_type=\"widget\" data-e-type=\"widget\" data-settings=\"{&quot;_animation&quot;:&quot;fadeIn&quot;}\" data-widget_type=\"icon.default\">\n\t\t\t\t<div class=\"elementor-widget-container\">\n\t\t\t\t\t\t\t<div class=\"elementor-icon-wrapper\">\n\t\t\t<div class=\"elementor-icon\">\n\t\t\t<svg aria-hidden=\"true\" class=\"e-font-icon-svg e-fas-circle\" viewBox=\"0 0 512 512\" xmlns=\"http:\/\/www.w3.org\/2000\/svg\"><path d=\"M256 8C119 8 8 119 8 256s111 248 248 248 248-111 248-248S393 8 256 8z\"><\/path><\/svg>\t\t\t<\/div>\n\t\t<\/div>\n\t\t\t\t\t\t<\/div>\n\t\t\t\t<\/div>\n\t\t\t\t<div class=\"elementor-element elementor-element-24dd2ac elementor-widget__width-initial elementor-invisible elementor-widget elementor-widget-text-editor\" data-id=\"24dd2ac\" data-element_type=\"widget\" data-e-type=\"widget\" data-settings=\"{&quot;_animation&quot;:&quot;fadeIn&quot;}\" data-widget_type=\"text-editor.default\">\n\t\t\t\t<div class=\"elementor-widget-container\">\n\t\t\t\t\t\t\t\t\t<p><span style=\"text-align: right;\">2000<\/span><\/p><h5><strong>Development<\/strong><\/h5><p>I started as director of development for diode laser pumped Nd-YAG lasers at IBLaser in Berlin. Physik again mixed with mechanical engineering.<\/p>\t\t\t\t\t\t\t\t<\/div>\n\t\t\t\t<\/div>\n\t\t\t\t<\/div>\n\t\t\t\t\t<\/div>\n\t\t\t\t<\/div>\n\t\t<div class=\"elementor-element elementor-element-ae90695 e-flex e-con-boxed e-con e-parent\" data-id=\"ae90695\" data-element_type=\"container\" data-e-type=\"container\">\n\t\t\t\t\t<div class=\"e-con-inner\">\n\t\t<div class=\"elementor-element elementor-element-af3cb3e e-con-full e-flex e-con e-child\" data-id=\"af3cb3e\" data-element_type=\"container\" data-e-type=\"container\">\n\t\t\t\t<div class=\"elementor-element elementor-element-8033070 elementor-view-default elementor-invisible elementor-widget elementor-widget-icon\" data-id=\"8033070\" data-element_type=\"widget\" data-e-type=\"widget\" data-settings=\"{&quot;_animation&quot;:&quot;fadeIn&quot;}\" data-widget_type=\"icon.default\">\n\t\t\t\t<div class=\"elementor-widget-container\">\n\t\t\t\t\t\t\t<div class=\"elementor-icon-wrapper\">\n\t\t\t<div class=\"elementor-icon\">\n\t\t\t<svg aria-hidden=\"true\" class=\"e-font-icon-svg e-fas-circle\" viewBox=\"0 0 512 512\" xmlns=\"http:\/\/www.w3.org\/2000\/svg\"><path d=\"M256 8C119 8 8 119 8 256s111 248 248 248 248-111 248-248S393 8 256 8z\"><\/path><\/svg>\t\t\t<\/div>\n\t\t<\/div>\n\t\t\t\t\t\t<\/div>\n\t\t\t\t<\/div>\n\t\t\t\t<div class=\"elementor-element elementor-element-2a1d220 elementor-widget__width-initial elementor-invisible elementor-widget elementor-widget-text-editor\" data-id=\"2a1d220\" data-element_type=\"widget\" data-e-type=\"widget\" data-settings=\"{&quot;_animation&quot;:&quot;fadeIn&quot;}\" data-widget_type=\"text-editor.default\">\n\t\t\t\t<div class=\"elementor-widget-container\">\n\t\t\t\t\t\t\t\t\t<p>2004<\/p><h5><strong>Quality<\/strong><\/h5><p>For about 20 years I am working in quality for a number of automotive suppliers. Tasks have been Q-management, metrology lab, advanced quality planning, IATF16949 Auditor, expert for methods and QM software tools as well as Q director.<\/p>\t\t\t\t\t\t\t\t<\/div>\n\t\t\t\t<\/div>\n\t\t\t\t<\/div>\n\t\t<div class=\"elementor-element elementor-element-12584d7 e-con-full e-flex e-con e-child\" data-id=\"12584d7\" data-element_type=\"container\" data-e-type=\"container\">\n\t\t\t\t<\/div>\n\t\t<div class=\"elementor-element elementor-element-ce1d51e e-con-full elementor-hidden-mobile e-flex e-con e-child\" data-id=\"ce1d51e\" data-element_type=\"container\" data-e-type=\"container\">\n\t\t\t\t<\/div>\n\t\t<div class=\"elementor-element elementor-element-c275643 e-con-full e-flex e-con e-child\" data-id=\"c275643\" data-element_type=\"container\" data-e-type=\"container\">\n\t\t\t\t<div class=\"elementor-element elementor-element-2fb55e4 elementor-view-default elementor-invisible elementor-widget elementor-widget-icon\" data-id=\"2fb55e4\" data-element_type=\"widget\" data-e-type=\"widget\" data-settings=\"{&quot;_animation&quot;:&quot;fadeIn&quot;}\" data-widget_type=\"icon.default\">\n\t\t\t\t<div class=\"elementor-widget-container\">\n\t\t\t\t\t\t\t<div class=\"elementor-icon-wrapper\">\n\t\t\t<div class=\"elementor-icon\">\n\t\t\t<svg aria-hidden=\"true\" class=\"e-font-icon-svg e-fas-circle\" viewBox=\"0 0 512 512\" xmlns=\"http:\/\/www.w3.org\/2000\/svg\"><path d=\"M256 8C119 8 8 119 8 256s111 248 248 248 248-111 248-248S393 8 256 8z\"><\/path><\/svg>\t\t\t<\/div>\n\t\t<\/div>\n\t\t\t\t\t\t<\/div>\n\t\t\t\t<\/div>\n\t\t\t\t<div class=\"elementor-element elementor-element-d2f8387 elementor-widget__width-initial elementor-invisible elementor-widget elementor-widget-text-editor\" data-id=\"d2f8387\" data-element_type=\"widget\" data-e-type=\"widget\" data-settings=\"{&quot;_animation&quot;:&quot;fadeIn&quot;}\" data-widget_type=\"text-editor.default\">\n\t\t\t\t<div class=\"elementor-widget-container\">\n\t\t\t\t\t\t\t\t\t<p>2021<\/p><h5><span style=\"text-align: right;\"><b>Book<\/b><\/span><\/h5><p><span style=\"font-size: 15px;\">Many ideas and lots of experiences from daily work have been collected in a book &#8220;Advanced planning &#8211; step by step from idea to product&#8221;.<\/span><\/p><p><span style=\"font-size: 15px;\">At German Society for Quality [DGQ] I was invited to perform a sequence of 6 webinars, with topics mainly taken from the book.<\/span><\/p>\t\t\t\t\t\t\t\t<\/div>\n\t\t\t\t<\/div>\n\t\t\t\t<\/div>\n\t\t\t\t\t<\/div>\n\t\t\t\t<\/div>\n\t\t<div class=\"elementor-element elementor-element-cafb218 e-flex e-con-boxed e-con e-parent\" data-id=\"cafb218\" data-element_type=\"container\" data-e-type=\"container\">\n\t\t\t\t\t<div class=\"e-con-inner\">\n\t\t<div class=\"elementor-element elementor-element-60d7ac8 e-con-full e-flex e-con e-child\" data-id=\"60d7ac8\" data-element_type=\"container\" data-e-type=\"container\">\n\t\t\t\t<div class=\"elementor-element elementor-element-bb7e9c2 elementor-view-default elementor-invisible elementor-widget elementor-widget-icon\" data-id=\"bb7e9c2\" data-element_type=\"widget\" data-e-type=\"widget\" data-settings=\"{&quot;_animation&quot;:&quot;fadeIn&quot;}\" data-widget_type=\"icon.default\">\n\t\t\t\t<div class=\"elementor-widget-container\">\n\t\t\t\t\t\t\t<div class=\"elementor-icon-wrapper\">\n\t\t\t<div class=\"elementor-icon\">\n\t\t\t<svg aria-hidden=\"true\" class=\"e-font-icon-svg e-fas-circle\" viewBox=\"0 0 512 512\" xmlns=\"http:\/\/www.w3.org\/2000\/svg\"><path d=\"M256 8C119 8 8 119 8 256s111 248 248 248 248-111 248-248S393 8 256 8z\"><\/path><\/svg>\t\t\t<\/div>\n\t\t<\/div>\n\t\t\t\t\t\t<\/div>\n\t\t\t\t<\/div>\n\t\t\t\t<div class=\"elementor-element elementor-element-f008aa5 elementor-widget__width-initial elementor-invisible elementor-widget elementor-widget-text-editor\" data-id=\"f008aa5\" data-element_type=\"widget\" data-e-type=\"widget\" data-settings=\"{&quot;_animation&quot;:&quot;fadeIn&quot;}\" data-widget_type=\"text-editor.default\">\n\t\t\t\t<div class=\"elementor-widget-container\">\n\t\t\t\t\t\t\t\t\t<p>2024<\/p><h5><strong>Entrepreneur<\/strong><\/h5><p>Today, I have my own business as consultant, FMEA moderator, trainer, coach, leader of task force and author.<\/p>\t\t\t\t\t\t\t\t<\/div>\n\t\t\t\t<\/div>\n\t\t\t\t<\/div>\n\t\t<div class=\"elementor-element elementor-element-dc62492 e-con-full e-flex e-con e-child\" data-id=\"dc62492\" data-element_type=\"container\" data-e-type=\"container\">\n\t\t\t\t<\/div>\n\t\t\t\t\t<\/div>\n\t\t\t\t<\/div>\n\t\t<div class=\"elementor-element elementor-element-08bdf89 e-flex e-con-boxed e-con e-parent\" data-id=\"08bdf89\" data-element_type=\"container\" data-e-type=\"container\">\n\t\t\t\t\t<div class=\"e-con-inner\">\n\t\t\t\t<div class=\"elementor-element elementor-element-0126e00 elementor-invisible elementor-widget elementor-widget-image\" data-id=\"0126e00\" data-element_type=\"widget\" data-e-type=\"widget\" data-settings=\"{&quot;_animation&quot;:&quot;fadeIn&quot;}\" data-widget_type=\"image.default\">\n\t\t\t\t<div class=\"elementor-widget-container\">\n\t\t\t\t\t\t\t\t\t\t\t\t\t\t\t<img fetchpriority=\"high\" decoding=\"async\" width=\"2560\" height=\"1951\" src=\"https:\/\/unternehmensberatung-jarosch.com\/wp-content\/uploads\/2024\/09\/6J_8403-Bearbeitet_web-scaled.jpg\" class=\"attachment-full size-full wp-image-54\" alt=\"\" srcset=\"https:\/\/unternehmensberatung-jarosch.com\/wp-content\/uploads\/2024\/09\/6J_8403-Bearbeitet_web-scaled.jpg 2560w, https:\/\/unternehmensberatung-jarosch.com\/wp-content\/uploads\/2024\/09\/6J_8403-Bearbeitet_web-300x229.jpg 300w, https:\/\/unternehmensberatung-jarosch.com\/wp-content\/uploads\/2024\/09\/6J_8403-Bearbeitet_web-1024x780.jpg 1024w, https:\/\/unternehmensberatung-jarosch.com\/wp-content\/uploads\/2024\/09\/6J_8403-Bearbeitet_web-768x585.jpg 768w, https:\/\/unternehmensberatung-jarosch.com\/wp-content\/uploads\/2024\/09\/6J_8403-Bearbeitet_web-1536x1171.jpg 1536w, https:\/\/unternehmensberatung-jarosch.com\/wp-content\/uploads\/2024\/09\/6J_8403-Bearbeitet_web-2048x1561.jpg 2048w\" sizes=\"(max-width: 2560px) 100vw, 2560px\" \/>\t\t\t\t\t\t\t\t\t\t\t\t\t\t\t<\/div>\n\t\t\t\t<\/div>\n\t\t\t\t\t<\/div>\n\t\t\t\t<\/div>\n\t\t\t\t<\/div>\n\t\t","protected":false},"excerpt":{"rendered":"<p>1960 Das bin ich Mein Name ist Uwe-Klaus Jarosch. 1981-1996 Ausbildung, Forschung und Lehre Technik-interessiert habe ich an der RWTH Aachen Maschinenbau studiert. In dieser Zeit wurde das Fraunhofer Institut f\u00fcr Lasertechnik gegr\u00fcndet. Ich geh\u00f6rte zu den ersten studentischen Mitarbeitern in Aachen in Forschung und Lehre. Physik f\u00fcr Ingenieure vereint sich ideal, wenn man zum [&hellip;]<\/p>\n","protected":false},"author":1,"featured_media":54,"parent":0,"menu_order":0,"comment_status":"closed","ping_status":"closed","template":"","meta":{"_themeisle_gutenberg_block_has_review":false,"footnotes":""},"class_list":["post-361","page","type-page","status-publish","has-post-thumbnail","hentry"],"_links":{"self":[{"href":"https:\/\/unternehmensberatung-jarosch.com\/en\/wp-json\/wp\/v2\/pages\/361","targetHints":{"allow":["GET"]}}],"collection":[{"href":"https:\/\/unternehmensberatung-jarosch.com\/en\/wp-json\/wp\/v2\/pages"}],"about":[{"href":"https:\/\/unternehmensberatung-jarosch.com\/en\/wp-json\/wp\/v2\/types\/page"}],"author":[{"embeddable":true,"href":"https:\/\/unternehmensberatung-jarosch.com\/en\/wp-json\/wp\/v2\/users\/1"}],"replies":[{"embeddable":true,"href":"https:\/\/unternehmensberatung-jarosch.com\/en\/wp-json\/wp\/v2\/comments?post=361"}],"version-history":[{"count":12,"href":"https:\/\/unternehmensberatung-jarosch.com\/en\/wp-json\/wp\/v2\/pages\/361\/revisions"}],"predecessor-version":[{"id":1992,"href":"https:\/\/unternehmensberatung-jarosch.com\/en\/wp-json\/wp\/v2\/pages\/361\/revisions\/1992"}],"wp:featuredmedia":[{"embeddable":true,"href":"https:\/\/unternehmensberatung-jarosch.com\/en\/wp-json\/wp\/v2\/media\/54"}],"wp:attachment":[{"href":"https:\/\/unternehmensberatung-jarosch.com\/en\/wp-json\/wp\/v2\/media?parent=361"}],"curies":[{"name":"wp","href":"https:\/\/api.w.org\/{rel}","templated":true}]}}