{"id":315,"date":"2024-10-07T15:03:55","date_gmt":"2024-10-07T15:03:55","guid":{"rendered":"https:\/\/unternehmensberatung-jarosch.com\/?page_id=315"},"modified":"2026-02-11T23:19:55","modified_gmt":"2026-02-11T23:19:55","slug":"buch","status":"publish","type":"page","link":"https:\/\/unternehmensberatung-jarosch.com\/en\/buch\/","title":{"rendered":"Buch"},"content":{"rendered":"\t\t<div data-elementor-type=\"wp-page\" data-elementor-id=\"315\" class=\"elementor elementor-315\" data-elementor-post-type=\"page\">\n\t\t\t\t<div class=\"elementor-element elementor-element-372ff70 e-flex e-con-boxed elementor-invisible e-con e-parent\" data-id=\"372ff70\" data-element_type=\"container\" data-e-type=\"container\" data-settings=\"{&quot;animation&quot;:&quot;fadeIn&quot;}\">\n\t\t\t\t\t<div class=\"e-con-inner\">\n\t\t<div class=\"elementor-element elementor-element-ed7aace e-flex e-con-boxed e-con e-child\" data-id=\"ed7aace\" data-element_type=\"container\" data-e-type=\"container\">\n\t\t\t\t\t<div class=\"e-con-inner\">\n\t\t\t\t<div class=\"elementor-element elementor-element-89aa352 elementor-widget elementor-widget-text-editor\" data-id=\"89aa352\" data-element_type=\"widget\" data-e-type=\"widget\" data-widget_type=\"text-editor.default\">\n\t\t\t\t<div class=\"elementor-widget-container\">\n\t\t\t\t\t\t\t\t\t<p><strong>\u201eDas gemeinsame Ziel der Vorausplanung ist ein funktionierendes Produkt aus einem stabil laufenden Prozess.\u201c<\/strong><\/p>\t\t\t\t\t\t\t\t<\/div>\n\t\t\t\t<\/div>\n\t\t\t\t\t<\/div>\n\t\t\t\t<\/div>\n\t\t\t\t\t<\/div>\n\t\t\t\t<\/div>\n\t\t<div class=\"elementor-element elementor-element-9c31099 e-flex e-con-boxed elementor-invisible e-con e-parent\" data-id=\"9c31099\" data-element_type=\"container\" data-e-type=\"container\" data-settings=\"{&quot;animation&quot;:&quot;fadeIn&quot;,&quot;animation_delay&quot;:300}\">\n\t\t\t\t\t<div class=\"e-con-inner\">\n\t\t<div class=\"elementor-element elementor-element-2f2c0db e-con-full e-flex e-con e-child\" data-id=\"2f2c0db\" data-element_type=\"container\" data-e-type=\"container\">\n\t\t\t\t<div class=\"elementor-element elementor-element-6079f41 elementor-widget__width-initial elementor-widget elementor-widget-image\" data-id=\"6079f41\" data-element_type=\"widget\" data-e-type=\"widget\" data-widget_type=\"image.default\">\n\t\t\t\t<div class=\"elementor-widget-container\">\n\t\t\t\t\t\t\t\t\t\t\t\t\t\t\t\t<a href=\"https:\/\/unternehmensberatung-jarosch.com\/wp-content\/uploads\/2024\/10\/Softcover-Mockup_Vorausplanen.jpg\" data-elementor-open-lightbox=\"yes\" data-e-action-hash=\"#elementor-action%3Aaction%3Dlightbox%26settings%3DeyJpZCI6MTQzMiwidXJsIjoiaHR0cHM6XC9cL3VudGVybmVobWVuc2JlcmF0dW5nLWphcm9zY2guY29tXC93cC1jb250ZW50XC91cGxvYWRzXC8yMDI0XC8xMFwvU29mdGNvdmVyLU1vY2t1cF9Wb3JhdXNwbGFuZW4uanBnIn0%3D\">\n\t\t\t\t\t\t\t<img fetchpriority=\"high\" decoding=\"async\" width=\"800\" height=\"600\" src=\"https:\/\/unternehmensberatung-jarosch.com\/wp-content\/uploads\/2024\/10\/Softcover-Mockup_Vorausplanen-1024x768.jpg\" class=\"attachment-large size-large wp-image-1432\" alt=\"\" srcset=\"https:\/\/unternehmensberatung-jarosch.com\/wp-content\/uploads\/2024\/10\/Softcover-Mockup_Vorausplanen-1024x768.jpg 1024w, https:\/\/unternehmensberatung-jarosch.com\/wp-content\/uploads\/2024\/10\/Softcover-Mockup_Vorausplanen-300x225.jpg 300w, https:\/\/unternehmensberatung-jarosch.com\/wp-content\/uploads\/2024\/10\/Softcover-Mockup_Vorausplanen-768x576.jpg 768w, https:\/\/unternehmensberatung-jarosch.com\/wp-content\/uploads\/2024\/10\/Softcover-Mockup_Vorausplanen-1536x1152.jpg 1536w, https:\/\/unternehmensberatung-jarosch.com\/wp-content\/uploads\/2024\/10\/Softcover-Mockup_Vorausplanen.jpg 2000w\" sizes=\"(max-width: 800px) 100vw, 800px\" \/>\t\t\t\t\t\t\t\t<\/a>\n\t\t\t\t\t\t\t\t\t\t\t\t\t\t\t<\/div>\n\t\t\t\t<\/div>\n\t\t\t\t<div class=\"elementor-element elementor-element-8885730 elementor-widget elementor-widget-text-editor\" data-id=\"8885730\" data-element_type=\"widget\" data-e-type=\"widget\" data-widget_type=\"text-editor.default\">\n\t\t\t\t<div class=\"elementor-widget-container\">\n\t\t\t\t\t\t\t\t\t<p>Das gemeinsame Ziel ist nicht trivial. Der m\u00f6gliche Weg dorthin auch nicht.<\/p><p>Zwar sind viele Abl\u00e4ufe nach einem Advanced Product Quality Planing (APQP) oder einem Reifegradmodell nahezu standardisiert, aber Branchen, Unternehmensgr\u00f6\u00dfe und -struktur, eingef\u00fchrte Arbeitsweisen und Prozesse, Zust\u00e4ndigkeiten und Werkzeugk\u00e4sten sind jeweils individuell und einzigartig.<\/p><p>Als Qualit\u00e4tsmanager habe ich ausgiebig Methoden und Tools der Qualit\u00e4tsvorausplanung optimiert und in die Unternehmensabl\u00e4ufe eines globalen Automobil-Zulieferers integriert.&nbsp; Aber sie sind in angepasster Form auch f\u00fcr zahlreiche andere Branchen relevant.<\/p><p>Wie funktioniert die Methode? Was kann ein Tool dabei unterst\u00fctzten?<br><span style=\"color: var( --e-global-color-secondary ); font-family: var( --e-global-typography-text-font-family ), Sans-serif; font-size: var( --e-global-typography-text-font-size ); font-weight: var( --e-global-typography-text-font-weight ); text-align: var(--text-align);\">Und wie kn\u00fcpfen Methoden und Tools am vorherigen Schritt an?<br><\/span><span style=\"color: var( --e-global-color-secondary ); font-family: var( --e-global-typography-text-font-family ), Sans-serif; font-size: var( --e-global-typography-text-font-size ); font-weight: var( --e-global-typography-text-font-weight ); text-align: var(--text-align);\">Wie geben sie sinnvolle Ergebnisse an den n\u00e4chsten Schritt weiter?<br><\/span><span style=\"color: var( --e-global-color-secondary ); font-family: var( --e-global-typography-text-font-family ), Sans-serif; font-size: var( --e-global-typography-text-font-size ); font-weight: var( --e-global-typography-text-font-weight ); text-align: var(--text-align);\">Und was ist am Ende das n\u00f6tige Ergebnis f\u00fcr eine laufende Fertigung?<\/span><\/p><p>Wichtig ist auch, eine Reihe wesentlicher Randbedingungen im Blick zu behalten, von Kunden-Lieferanten-Beziehungen bis hin zum Vergleich konventioneller mit agiler Arbeitsweise.&nbsp;<\/p>\t\t\t\t\t\t\t\t<\/div>\n\t\t\t\t<\/div>\n\t\t\t\t<div class=\"elementor-element elementor-element-5ecd255 elementor-widget__width-initial elementor-widget elementor-widget-image\" data-id=\"5ecd255\" data-element_type=\"widget\" data-e-type=\"widget\" data-widget_type=\"image.default\">\n\t\t\t\t<div class=\"elementor-widget-container\">\n\t\t\t\t\t\t\t\t\t\t\t\t\t\t\t\t<a href=\"https:\/\/unternehmensberatung-jarosch.com\/wp-content\/uploads\/2024\/10\/Softcover-Innenseiten_Vorausplanen.jpg\" data-elementor-open-lightbox=\"yes\" data-e-action-hash=\"#elementor-action%3Aaction%3Dlightbox%26settings%3DeyJpZCI6MTQzMSwidXJsIjoiaHR0cHM6XC9cL3VudGVybmVobWVuc2JlcmF0dW5nLWphcm9zY2guY29tXC93cC1jb250ZW50XC91cGxvYWRzXC8yMDI0XC8xMFwvU29mdGNvdmVyLUlubmVuc2VpdGVuX1ZvcmF1c3BsYW5lbi5qcGcifQ%3D%3D\">\n\t\t\t\t\t\t\t<img decoding=\"async\" width=\"800\" height=\"600\" src=\"https:\/\/unternehmensberatung-jarosch.com\/wp-content\/uploads\/2024\/10\/Softcover-Innenseiten_Vorausplanen-1024x768.jpg\" class=\"attachment-large size-large wp-image-1431\" alt=\"\" srcset=\"https:\/\/unternehmensberatung-jarosch.com\/wp-content\/uploads\/2024\/10\/Softcover-Innenseiten_Vorausplanen-1024x768.jpg 1024w, https:\/\/unternehmensberatung-jarosch.com\/wp-content\/uploads\/2024\/10\/Softcover-Innenseiten_Vorausplanen-300x225.jpg 300w, https:\/\/unternehmensberatung-jarosch.com\/wp-content\/uploads\/2024\/10\/Softcover-Innenseiten_Vorausplanen-768x576.jpg 768w, https:\/\/unternehmensberatung-jarosch.com\/wp-content\/uploads\/2024\/10\/Softcover-Innenseiten_Vorausplanen-1536x1152.jpg 1536w, https:\/\/unternehmensberatung-jarosch.com\/wp-content\/uploads\/2024\/10\/Softcover-Innenseiten_Vorausplanen.jpg 2000w\" sizes=\"(max-width: 800px) 100vw, 800px\" \/>\t\t\t\t\t\t\t\t<\/a>\n\t\t\t\t\t\t\t\t\t\t\t\t\t\t\t<\/div>\n\t\t\t\t<\/div>\n\t\t\t\t<\/div>\n\t\t\t\t\t<\/div>\n\t\t\t\t<\/div>\n\t\t<div class=\"elementor-element elementor-element-24e9536 e-flex e-con-boxed elementor-invisible e-con e-parent\" data-id=\"24e9536\" data-element_type=\"container\" data-e-type=\"container\" data-settings=\"{&quot;animation&quot;:&quot;fadeIn&quot;,&quot;animation_delay&quot;:600}\">\n\t\t\t\t\t<div class=\"e-con-inner\">\n\t\t<div class=\"elementor-element elementor-element-a64a5dd e-con-full e-flex e-con e-child\" data-id=\"a64a5dd\" data-element_type=\"container\" data-e-type=\"container\">\n\t\t\t\t<div class=\"elementor-element elementor-element-4735c9a elementor-widget elementor-widget-text-editor\" data-id=\"4735c9a\" data-element_type=\"widget\" data-e-type=\"widget\" data-widget_type=\"text-editor.default\">\n\t\t\t\t<div class=\"elementor-widget-container\">\n\t\t\t\t\t\t\t\t\t<p>Aus der betrieblichen Praxis ergab sich das Zusammenspiel von Methoden, Tools und zugeh\u00f6rigen Regeln, welche ich als Methoden-Experte bereits in Schulungen vermittelt und \u00fcber die Jahre aufgeschrieben habe.<\/p>\n<p>Aus dieser Stoffsammlung entstand schlie\u00dflich ein Kompendium \u00fcber viele Aspekte des <b>\u201eVorausplanen &#8211; Schritt f\u00fcr Schritt von der Idee zum Produkt\u201c<\/b>.<\/p>\t\t\t\t\t\t\t\t<\/div>\n\t\t\t\t<\/div>\n\t\t<div class=\"elementor-element elementor-element-929c909 e-con-full e-flex e-con e-child\" data-id=\"929c909\" data-element_type=\"container\" data-e-type=\"container\">\n\t\t\t\t<div class=\"elementor-element elementor-element-35ea427 elementor-widget elementor-widget-button\" data-id=\"35ea427\" data-element_type=\"widget\" data-e-type=\"widget\" data-widget_type=\"button.default\">\n\t\t\t\t<div class=\"elementor-widget-container\">\n\t\t\t\t\t\t\t\t\t<div class=\"elementor-button-wrapper\">\n\t\t\t\t\t<a class=\"elementor-button elementor-button-link elementor-size-sm\" href=\"https:\/\/www.youtube.com\/watch?v=-2nkFvvMDmI&#038;t=2s\" target=\"_blank\">\n\t\t\t\t\t\t<span class=\"elementor-button-content-wrapper\">\n\t\t\t\t\t\t\t\t\t<span class=\"elementor-button-text\">Videoeinf\u00fchrung<\/span>\n\t\t\t\t\t<\/span>\n\t\t\t\t\t<\/a>\n\t\t\t\t<\/div>\n\t\t\t\t\t\t\t\t<\/div>\n\t\t\t\t<\/div>\n\t\t\t\t<div class=\"elementor-element elementor-element-648cf9a elementor-widget elementor-widget-button\" data-id=\"648cf9a\" data-element_type=\"widget\" data-e-type=\"widget\" data-widget_type=\"button.default\">\n\t\t\t\t<div class=\"elementor-widget-container\">\n\t\t\t\t\t\t\t\t\t<div class=\"elementor-button-wrapper\">\n\t\t\t\t\t<a class=\"elementor-button elementor-button-link elementor-size-sm\" href=\"https:\/\/unternehmensberatung-jarosch.com\/lese-und-hoerproben\/\" target=\"_blank\">\n\t\t\t\t\t\t<span class=\"elementor-button-content-wrapper\">\n\t\t\t\t\t\t\t\t\t<span class=\"elementor-button-text\">Leseproben<\/span>\n\t\t\t\t\t<\/span>\n\t\t\t\t\t<\/a>\n\t\t\t\t<\/div>\n\t\t\t\t\t\t\t\t<\/div>\n\t\t\t\t<\/div>\n\t\t\t\t<\/div>\n\t\t\t\t<\/div>\n\t\t<div class=\"elementor-element elementor-element-b2cfbe6 e-con-full e-flex e-con e-child\" data-id=\"b2cfbe6\" data-element_type=\"container\" data-e-type=\"container\">\n\t\t\t\t<div class=\"elementor-element elementor-element-bc9345f elementor-widget elementor-widget-image\" data-id=\"bc9345f\" data-element_type=\"widget\" data-e-type=\"widget\" data-widget_type=\"image.default\">\n\t\t\t\t<div class=\"elementor-widget-container\">\n\t\t\t\t\t\t\t\t\t\t\t\t\t\t\t<img decoding=\"async\" width=\"800\" height=\"560\" src=\"https:\/\/unternehmensberatung-jarosch.com\/wp-content\/uploads\/2024\/10\/Buch-Ablauf-Grafik_mit-Buch_inkl-Cover-1024x717.jpg\" class=\"attachment-large size-large wp-image-1552\" alt=\"\" srcset=\"https:\/\/unternehmensberatung-jarosch.com\/wp-content\/uploads\/2024\/10\/Buch-Ablauf-Grafik_mit-Buch_inkl-Cover-1024x717.jpg 1024w, https:\/\/unternehmensberatung-jarosch.com\/wp-content\/uploads\/2024\/10\/Buch-Ablauf-Grafik_mit-Buch_inkl-Cover-300x210.jpg 300w, https:\/\/unternehmensberatung-jarosch.com\/wp-content\/uploads\/2024\/10\/Buch-Ablauf-Grafik_mit-Buch_inkl-Cover-768x538.jpg 768w, https:\/\/unternehmensberatung-jarosch.com\/wp-content\/uploads\/2024\/10\/Buch-Ablauf-Grafik_mit-Buch_inkl-Cover.jpg 1269w\" sizes=\"(max-width: 800px) 100vw, 800px\" \/>\t\t\t\t\t\t\t\t\t\t\t\t\t\t\t<\/div>\n\t\t\t\t<\/div>\n\t\t\t\t<\/div>\n\t\t\t\t\t<\/div>\n\t\t\t\t<\/div>\n\t\t<div class=\"elementor-element elementor-element-d69225c e-flex e-con-boxed elementor-invisible e-con e-parent\" data-id=\"d69225c\" data-element_type=\"container\" data-e-type=\"container\" data-settings=\"{&quot;animation&quot;:&quot;fadeIn&quot;,&quot;animation_delay&quot;:600}\">\n\t\t\t\t\t<div class=\"e-con-inner\">\n\t\t\t\t<div class=\"elementor-element elementor-element-5e58c14 elementor-widget elementor-widget-text-editor\" data-id=\"5e58c14\" data-element_type=\"widget\" data-e-type=\"widget\" data-widget_type=\"text-editor.default\">\n\t\t\t\t<div class=\"elementor-widget-container\">\n\t\t\t\t\t\t\t\t\t<h4><strong>Aus dem Buch<\/strong><\/h4><p>Der systematische Blick voraus ist DER Erfolgsfaktor f\u00fcr jedes Unternehmen, unabh\u00e4ngig von Branche und Gr\u00f6\u00dfe. Inhaltlich wird das Vorausplanen durch die Entwickler aller beteiligten Fachbereiche betrieben, einschlie\u00dflich der \u201eQualit\u00e4ter\u201c. Gemeinsam sind ihnen die Methoden. Die Ermittlung und Bewertung von Risiken ist einer der Schwerpunkte. Systematisch erkannte Chancen und Risiken treiben und st\u00e4rken die Teamarbeit.<\/p><p>Das gemeinsame Ziel der Vorausplanung ist ein funktionierendes Produkt aus einem stabil laufenden Prozess. Aus Sicht eines Qualit\u00e4ters wird ein m\u00f6glicher Weg \u2026<\/p>\t\t\t\t\t\t\t\t<\/div>\n\t\t\t\t<\/div>\n\t\t<div class=\"elementor-element elementor-element-ac2d847 e-con-full e-flex e-con e-child\" data-id=\"ac2d847\" data-element_type=\"container\" data-e-type=\"container\">\n\t\t\t\t<div class=\"elementor-element elementor-element-c2d3063 elementor-widget elementor-widget-button\" data-id=\"c2d3063\" data-element_type=\"widget\" data-e-type=\"widget\" data-widget_type=\"button.default\">\n\t\t\t\t<div class=\"elementor-widget-container\">\n\t\t\t\t\t\t\t\t\t<div class=\"elementor-button-wrapper\">\n\t\t\t\t\t<a class=\"elementor-button elementor-button-link elementor-size-sm\" href=\"https:\/\/www.dietz-consultants.com\/de\/verlag\/buchvorstellung-vorausplanung\" target=\"_blank\">\n\t\t\t\t\t\t<span class=\"elementor-button-content-wrapper\">\n\t\t\t\t\t\t\t\t\t<span class=\"elementor-button-text\">Weitere Infos zum Buch<\/span>\n\t\t\t\t\t<\/span>\n\t\t\t\t\t<\/a>\n\t\t\t\t<\/div>\n\t\t\t\t\t\t\t\t<\/div>\n\t\t\t\t<\/div>\n\t\t\t\t<div class=\"elementor-element elementor-element-4461fb9 elementor-widget__width-initial elementor-widget elementor-widget-image\" data-id=\"4461fb9\" data-element_type=\"widget\" data-e-type=\"widget\" data-widget_type=\"image.default\">\n\t\t\t\t<div class=\"elementor-widget-container\">\n\t\t\t\t\t\t\t\t\t\t\t\t\t\t\t<img loading=\"lazy\" decoding=\"async\" width=\"800\" height=\"138\" src=\"https:\/\/unternehmensberatung-jarosch.com\/wp-content\/uploads\/2024\/10\/DC_Verlag2_Logo_2021_600dpi-1024x177.jpg\" class=\"attachment-large size-large wp-image-320\" alt=\"\" srcset=\"https:\/\/unternehmensberatung-jarosch.com\/wp-content\/uploads\/2024\/10\/DC_Verlag2_Logo_2021_600dpi-1024x177.jpg 1024w, https:\/\/unternehmensberatung-jarosch.com\/wp-content\/uploads\/2024\/10\/DC_Verlag2_Logo_2021_600dpi-300x52.jpg 300w, https:\/\/unternehmensberatung-jarosch.com\/wp-content\/uploads\/2024\/10\/DC_Verlag2_Logo_2021_600dpi-768x133.jpg 768w, https:\/\/unternehmensberatung-jarosch.com\/wp-content\/uploads\/2024\/10\/DC_Verlag2_Logo_2021_600dpi-1536x266.jpg 1536w, https:\/\/unternehmensberatung-jarosch.com\/wp-content\/uploads\/2024\/10\/DC_Verlag2_Logo_2021_600dpi-2048x355.jpg 2048w\" sizes=\"(max-width: 800px) 100vw, 800px\" \/>\t\t\t\t\t\t\t\t\t\t\t\t\t\t\t<\/div>\n\t\t\t\t<\/div>\n\t\t\t\t<\/div>\n\t\t\t\t\t<\/div>\n\t\t\t\t<\/div>\n\t\t<div class=\"elementor-element elementor-element-abd5a5a e-flex e-con-boxed elementor-invisible e-con e-parent\" data-id=\"abd5a5a\" data-element_type=\"container\" data-e-type=\"container\" data-settings=\"{&quot;animation&quot;:&quot;fadeIn&quot;,&quot;animation_delay&quot;:600}\">\n\t\t\t\t\t<div class=\"e-con-inner\">\n\t\t<div class=\"elementor-element elementor-element-9d29c38 e-con-full e-flex e-con e-child\" data-id=\"9d29c38\" data-element_type=\"container\" data-e-type=\"container\" data-settings=\"{&quot;background_background&quot;:&quot;classic&quot;}\">\n\t\t\t\t<div class=\"elementor-element elementor-element-e8f618b elementor-widget-tablet__width-initial elementor-widget elementor-widget-heading\" data-id=\"e8f618b\" data-element_type=\"widget\" data-e-type=\"widget\" data-widget_type=\"heading.default\">\n\t\t\t\t<div class=\"elementor-widget-container\">\n\t\t\t\t\t<h2 class=\"elementor-heading-title elementor-size-default\"><b>Oder bestellen Sie sich hier direkt Ihr signiertes Exemplar.<\/b><\/h2>\t\t\t\t<\/div>\n\t\t\t\t<\/div>\n\t\t\t\t<div class=\"elementor-element elementor-element-0ace25e elementor-align-center elementor-widget__width-initial elementor-widget elementor-widget-button\" data-id=\"0ace25e\" data-element_type=\"widget\" data-e-type=\"widget\" data-widget_type=\"button.default\">\n\t\t\t\t<div class=\"elementor-widget-container\">\n\t\t\t\t\t\t\t\t\t<div class=\"elementor-button-wrapper\">\n\t\t\t\t\t<a class=\"elementor-button elementor-button-link elementor-size-sm\" href=\"https:\/\/unternehmensberatung-jarosch.com\/buchbestellung\/\">\n\t\t\t\t\t\t<span class=\"elementor-button-content-wrapper\">\n\t\t\t\t\t\t\t\t\t<span class=\"elementor-button-text\">Jetzt bestellen<\/span>\n\t\t\t\t\t<\/span>\n\t\t\t\t\t<\/a>\n\t\t\t\t<\/div>\n\t\t\t\t\t\t\t\t<\/div>\n\t\t\t\t<\/div>\n\t\t\t\t<\/div>\n\t\t\t\t\t<\/div>\n\t\t\t\t<\/div>\n\t\t\t\t<\/div>\n\t\t","protected":false},"excerpt":{"rendered":"<p>\u201eDas gemeinsame Ziel der Vorausplanung ist ein funktionierendes Produkt aus einem stabil laufenden Prozess.\u201c Das gemeinsame Ziel ist nicht trivial. Der m\u00f6gliche Weg dorthin auch nicht. Zwar sind viele Abl\u00e4ufe nach einem Advanced Product Quality Planing (APQP) oder einem Reifegradmodell nahezu standardisiert, aber Branchen, Unternehmensgr\u00f6\u00dfe und -struktur, eingef\u00fchrte Arbeitsweisen und Prozesse, Zust\u00e4ndigkeiten und Werkzeugk\u00e4sten sind [&hellip;]<\/p>\n","protected":false},"author":1,"featured_media":1432,"parent":0,"menu_order":0,"comment_status":"closed","ping_status":"closed","template":"","meta":{"_themeisle_gutenberg_block_has_review":false,"footnotes":""},"class_list":["post-315","page","type-page","status-publish","has-post-thumbnail","hentry"],"_links":{"self":[{"href":"https:\/\/unternehmensberatung-jarosch.com\/en\/wp-json\/wp\/v2\/pages\/315","targetHints":{"allow":["GET"]}}],"collection":[{"href":"https:\/\/unternehmensberatung-jarosch.com\/en\/wp-json\/wp\/v2\/pages"}],"about":[{"href":"https:\/\/unternehmensberatung-jarosch.com\/en\/wp-json\/wp\/v2\/types\/page"}],"author":[{"embeddable":true,"href":"https:\/\/unternehmensberatung-jarosch.com\/en\/wp-json\/wp\/v2\/users\/1"}],"replies":[{"embeddable":true,"href":"https:\/\/unternehmensberatung-jarosch.com\/en\/wp-json\/wp\/v2\/comments?post=315"}],"version-history":[{"count":3,"href":"https:\/\/unternehmensberatung-jarosch.com\/en\/wp-json\/wp\/v2\/pages\/315\/revisions"}],"predecessor-version":[{"id":2936,"href":"https:\/\/unternehmensberatung-jarosch.com\/en\/wp-json\/wp\/v2\/pages\/315\/revisions\/2936"}],"wp:featuredmedia":[{"embeddable":true,"href":"https:\/\/unternehmensberatung-jarosch.com\/en\/wp-json\/wp\/v2\/media\/1432"}],"wp:attachment":[{"href":"https:\/\/unternehmensberatung-jarosch.com\/en\/wp-json\/wp\/v2\/media?parent=315"}],"curies":[{"name":"wp","href":"https:\/\/api.w.org\/{rel}","templated":true}]}}