{"id":2109,"date":"2025-07-17T13:52:47","date_gmt":"2025-07-17T13:52:47","guid":{"rendered":"https:\/\/unternehmensberatung-jarosch.com\/?page_id=2109"},"modified":"2025-07-17T14:48:05","modified_gmt":"2025-07-17T14:48:05","slug":"lern-methoden","status":"publish","type":"page","link":"https:\/\/unternehmensberatung-jarosch.com\/en\/mit-methode\/lern-methoden\/","title":{"rendered":"Lern-Methoden"},"content":{"rendered":"\t\t<div data-elementor-type=\"wp-page\" data-elementor-id=\"2109\" class=\"elementor elementor-2109\" data-elementor-post-type=\"page\">\n\t\t\t\t<div class=\"elementor-element elementor-element-6df0639 e-flex e-con-boxed e-con e-parent\" data-id=\"6df0639\" data-element_type=\"container\" data-e-type=\"container\">\n\t\t\t\t\t<div class=\"e-con-inner\">\n\t\t<div class=\"elementor-element elementor-element-c8b4751 e-con-full e-flex e-con e-child\" data-id=\"c8b4751\" data-element_type=\"container\" data-e-type=\"container\">\n\t\t\t\t<div class=\"elementor-element elementor-element-c082904 elementor-widget elementor-widget-heading\" data-id=\"c082904\" data-element_type=\"widget\" data-e-type=\"widget\" data-widget_type=\"heading.default\">\n\t\t\t\t<div class=\"elementor-widget-container\">\n\t\t\t\t\t<h1 class=\"elementor-heading-title elementor-size-default\">Lern-Methoden<\/h1>\t\t\t\t<\/div>\n\t\t\t\t<\/div>\n\t\t\t\t<\/div>\n\t\t\t\t\t<\/div>\n\t\t\t\t<\/div>\n\t\t<div class=\"elementor-element elementor-element-1c882f6 e-flex e-con-boxed e-con e-parent\" data-id=\"1c882f6\" data-element_type=\"container\" data-e-type=\"container\">\n\t\t\t\t\t<div class=\"e-con-inner\">\n\t\t\t\t<div class=\"elementor-element elementor-element-0421bb6 elementor-grid-3 elementor-grid-tablet-2 elementor-grid-mobile-1 elementor-posts--thumbnail-top elementor-card-shadow-yes elementor-posts__hover-gradient elementor-widget elementor-widget-posts\" data-id=\"0421bb6\" data-element_type=\"widget\" data-e-type=\"widget\" data-settings=\"{&quot;pagination_type&quot;:&quot;numbers&quot;,&quot;cards_columns&quot;:&quot;3&quot;,&quot;cards_columns_tablet&quot;:&quot;2&quot;,&quot;cards_columns_mobile&quot;:&quot;1&quot;,&quot;cards_row_gap&quot;:{&quot;unit&quot;:&quot;px&quot;,&quot;size&quot;:35,&quot;sizes&quot;:[]},&quot;cards_row_gap_widescreen&quot;:{&quot;unit&quot;:&quot;px&quot;,&quot;size&quot;:&quot;&quot;,&quot;sizes&quot;:[]},&quot;cards_row_gap_tablet&quot;:{&quot;unit&quot;:&quot;px&quot;,&quot;size&quot;:&quot;&quot;,&quot;sizes&quot;:[]},&quot;cards_row_gap_mobile&quot;:{&quot;unit&quot;:&quot;px&quot;,&quot;size&quot;:&quot;&quot;,&quot;sizes&quot;:[]}}\" data-widget_type=\"posts.cards\">\n\t\t\t\t<div class=\"elementor-widget-container\">\n\t\t\t\t\t\t\t<div class=\"elementor-posts-container elementor-posts elementor-posts--skin-cards elementor-grid\" role=\"list\">\n\t\t\t\t<article class=\"elementor-post elementor-grid-item post-2707 post type-post status-publish format-standard has-post-thumbnail hentry category-lernmethoden category-mit-methode category-organisationshilfen category-wissensmanagement tag-aktualisieren tag-analyse tag-autorisierung tag-budget tag-fehler tag-learned tag-lernen tag-lessons tag-ll tag-loesung tag-pate tag-randbedingungen tag-regel tag-ursache\" role=\"listitem\">\n\t\t\t<div class=\"elementor-post__card\">\n\t\t\t\t<a class=\"elementor-post__thumbnail__link\" href=\"https:\/\/unternehmensberatung-jarosch.com\/en\/lessons-learned\/\" tabindex=\"-1\" ><div class=\"elementor-post__thumbnail\"><img fetchpriority=\"high\" decoding=\"async\" width=\"300\" height=\"192\" src=\"https:\/\/unternehmensberatung-jarosch.com\/wp-content\/uploads\/2025\/11\/Lessons-Learned-3zu2-300x192.jpg\" class=\"attachment-medium size-medium wp-image-2687\" alt=\"\" srcset=\"https:\/\/unternehmensberatung-jarosch.com\/wp-content\/uploads\/2025\/11\/Lessons-Learned-3zu2-300x192.jpg 300w, https:\/\/unternehmensberatung-jarosch.com\/wp-content\/uploads\/2025\/11\/Lessons-Learned-3zu2-768x492.jpg 768w, https:\/\/unternehmensberatung-jarosch.com\/wp-content\/uploads\/2025\/11\/Lessons-Learned-3zu2.jpg 860w\" sizes=\"(max-width: 300px) 100vw, 300px\" \/><\/div><\/a>\n\t\t\t\t<div class=\"elementor-post__text\">\n\t\t\t\t<h1 class=\"elementor-post__title\">\n\t\t\t<a href=\"https:\/\/unternehmensberatung-jarosch.com\/en\/lessons-learned\/\" >\n\t\t\t\tLessons Learned\t\t\t<\/a>\n\t\t<\/h1>\n\t\t\t\t<div class=\"elementor-post__excerpt\">\n\t\t\t<p>Wir streben das Ideal der lernenden Organisation an. Dabei wollen wir aus Fehlern oder dem, was nicht so gut gelaufen ist, lernen.<br \/> Aber dabei\t\t<\/div>\n\t\t\n\t\t<a class=\"elementor-post__read-more\" href=\"https:\/\/unternehmensberatung-jarosch.com\/en\/lessons-learned\/\" aria-label=\"Read more about Lessons Learned\" tabindex=\"-1\" >\n\t\t\tWeiterlesen \u00bb\t\t<\/a>\n\n\t\t\t\t<\/div>\n\t\t\t\t\t<\/div>\n\t\t<\/article>\n\t\t\t\t<article class=\"elementor-post elementor-grid-item post-2713 post type-post status-publish format-standard has-post-thumbnail hentry category-lernmethoden category-mit-methode category-organisationshilfen category-wissensmanagement tag-aus-dem-ff tag-externalisieren tag-intuition tag-langjaehrig tag-sortiert tag-verstehen tag-warum tag-wissen tag-wissenstraeger tag-zugriff\" role=\"listitem\">\n\t\t\t<div class=\"elementor-post__card\">\n\t\t\t\t<a class=\"elementor-post__thumbnail__link\" href=\"https:\/\/unternehmensberatung-jarosch.com\/en\/wissen-einsammeln-externalisieren\/\" tabindex=\"-1\" ><div class=\"elementor-post__thumbnail\"><img decoding=\"async\" width=\"300\" height=\"171\" src=\"https:\/\/unternehmensberatung-jarosch.com\/wp-content\/uploads\/2025\/11\/Wissen-externalisieren-300x171.jpg\" class=\"attachment-medium size-medium wp-image-2715\" alt=\"\" srcset=\"https:\/\/unternehmensberatung-jarosch.com\/wp-content\/uploads\/2025\/11\/Wissen-externalisieren-300x171.jpg 300w, https:\/\/unternehmensberatung-jarosch.com\/wp-content\/uploads\/2025\/11\/Wissen-externalisieren-1024x582.jpg 1024w, https:\/\/unternehmensberatung-jarosch.com\/wp-content\/uploads\/2025\/11\/Wissen-externalisieren-768x437.jpg 768w, https:\/\/unternehmensberatung-jarosch.com\/wp-content\/uploads\/2025\/11\/Wissen-externalisieren.jpg 1463w\" sizes=\"(max-width: 300px) 100vw, 300px\" \/><\/div><\/a>\n\t\t\t\t<div class=\"elementor-post__text\">\n\t\t\t\t<h1 class=\"elementor-post__title\">\n\t\t\t<a href=\"https:\/\/unternehmensberatung-jarosch.com\/en\/wissen-einsammeln-externalisieren\/\" >\n\t\t\t\tWissen einsammeln (externalisieren)\t\t\t<\/a>\n\t\t<\/h1>\n\t\t\t\t<div class=\"elementor-post__excerpt\">\n\t\t\t<p>In K\u00fcrze wird ein wertvolles Teammitglied ausscheiden und sein Wissen mit nach Hause nehmen.<br \/> Wie k\u00f6nnen wir dieses Wissen im Unternehmen halten?<\/p>\t\t<\/div>\n\t\t\n\t\t<a class=\"elementor-post__read-more\" href=\"https:\/\/unternehmensberatung-jarosch.com\/en\/wissen-einsammeln-externalisieren\/\" aria-label=\"Read more about Wissen einsammeln (externalisieren)\" tabindex=\"-1\" >\n\t\t\tWeiterlesen \u00bb\t\t<\/a>\n\n\t\t\t\t<\/div>\n\t\t\t\t\t<\/div>\n\t\t<\/article>\n\t\t\t\t<\/div>\n\t\t\n\t\t\t\t\t\t<\/div>\n\t\t\t\t<\/div>\n\t\t\t\t\t<\/div>\n\t\t\t\t<\/div>\n\t\t<div class=\"elementor-element elementor-element-24afb7b e-flex e-con-boxed e-con e-parent\" data-id=\"24afb7b\" data-element_type=\"container\" data-e-type=\"container\">\n\t\t\t\t\t<div class=\"e-con-inner\">\n\t\t<div class=\"elementor-element elementor-element-0e59ca5 e-con-full e-flex e-con e-child\" data-id=\"0e59ca5\" data-element_type=\"container\" data-e-type=\"container\" data-settings=\"{&quot;background_background&quot;:&quot;classic&quot;}\">\n\t\t\t\t<div class=\"elementor-element elementor-element-3e9836d elementor-widget elementor-widget-text-editor\" data-id=\"3e9836d\" data-element_type=\"widget\" data-e-type=\"widget\" data-widget_type=\"text-editor.default\">\n\t\t\t\t<div class=\"elementor-widget-container\">\n\t\t\t\t\t\t\t\t\t<h4 style=\"text-align: center;\">Sie m\u00f6chten Methoden anwenden?<\/h4><p style=\"text-align: center;\">Gerne berate ich Sie pers\u00f6nlich bez\u00fcglich der Implementierung bestimmter Methoden in Ihre ganz individuellen Abl\u00e4ufe. Kontaktieren Sie mich daf\u00fcr einfach direkt und lassen Sie uns gemeinsam die passende L\u00f6sung finden.\u00a0<\/p>\t\t\t\t\t\t\t\t<\/div>\n\t\t\t\t<\/div>\n\t\t\t\t<div class=\"elementor-element elementor-element-0cfbb67 elementor-align-center elementor-widget elementor-widget-button\" data-id=\"0cfbb67\" data-element_type=\"widget\" data-e-type=\"widget\" data-widget_type=\"button.default\">\n\t\t\t\t<div class=\"elementor-widget-container\">\n\t\t\t\t\t\t\t\t\t<div class=\"elementor-button-wrapper\">\n\t\t\t\t\t<a class=\"elementor-button elementor-button-link elementor-size-sm\" href=\"https:\/\/unternehmensberatung-jarosch.com\/kontakt\/\">\n\t\t\t\t\t\t<span class=\"elementor-button-content-wrapper\">\n\t\t\t\t\t\t\t\t\t<span class=\"elementor-button-text\">Jetzt Termin anfragen<\/span>\n\t\t\t\t\t<\/span>\n\t\t\t\t\t<\/a>\n\t\t\t\t<\/div>\n\t\t\t\t\t\t\t\t<\/div>\n\t\t\t\t<\/div>\n\t\t\t\t<\/div>\n\t\t\t\t\t<\/div>\n\t\t\t\t<\/div>\n\t\t\t\t<\/div>\n\t\t","protected":false},"excerpt":{"rendered":"<p>Das Wissen der langj\u00e4hrig erfahrenen Mitarbeiter Ein Beitrag von Dr. Uwe-Klaus Jarosch, November 2025 Im Blog \u201eWissen \u2013 Managen\u201c habe ich versucht, ein paar Grundlagen zu beschreiben, was Wissen in Unternehmen ausmacht und wie es \u201egespeichert\u201c wird. Dabei habe ich mich auf die \u201eformalen Regeln\u201c im Unternehmen beschr\u00e4nkt. Wir Menschen haben aber mehr als nur [&hellip;]<\/p>\n","protected":false},"author":2,"featured_media":0,"parent":2026,"menu_order":0,"comment_status":"closed","ping_status":"closed","template":"","meta":{"_themeisle_gutenberg_block_has_review":false,"footnotes":""},"class_list":["post-2109","page","type-page","status-publish","hentry"],"_links":{"self":[{"href":"https:\/\/unternehmensberatung-jarosch.com\/en\/wp-json\/wp\/v2\/pages\/2109","targetHints":{"allow":["GET"]}}],"collection":[{"href":"https:\/\/unternehmensberatung-jarosch.com\/en\/wp-json\/wp\/v2\/pages"}],"about":[{"href":"https:\/\/unternehmensberatung-jarosch.com\/en\/wp-json\/wp\/v2\/types\/page"}],"author":[{"embeddable":true,"href":"https:\/\/unternehmensberatung-jarosch.com\/en\/wp-json\/wp\/v2\/users\/2"}],"replies":[{"embeddable":true,"href":"https:\/\/unternehmensberatung-jarosch.com\/en\/wp-json\/wp\/v2\/comments?post=2109"}],"version-history":[{"count":10,"href":"https:\/\/unternehmensberatung-jarosch.com\/en\/wp-json\/wp\/v2\/pages\/2109\/revisions"}],"predecessor-version":[{"id":2172,"href":"https:\/\/unternehmensberatung-jarosch.com\/en\/wp-json\/wp\/v2\/pages\/2109\/revisions\/2172"}],"up":[{"embeddable":true,"href":"https:\/\/unternehmensberatung-jarosch.com\/en\/wp-json\/wp\/v2\/pages\/2026"}],"wp:attachment":[{"href":"https:\/\/unternehmensberatung-jarosch.com\/en\/wp-json\/wp\/v2\/media?parent=2109"}],"curies":[{"name":"wp","href":"https:\/\/api.w.org\/{rel}","templated":true}]}}