{"id":2096,"date":"2025-07-17T13:50:35","date_gmt":"2025-07-17T13:50:35","guid":{"rendered":"https:\/\/unternehmensberatung-jarosch.com\/?page_id=2096"},"modified":"2025-07-17T14:49:27","modified_gmt":"2025-07-17T14:49:27","slug":"organisationshilfen","status":"publish","type":"page","link":"https:\/\/unternehmensberatung-jarosch.com\/en\/mit-methode\/organisationshilfen\/","title":{"rendered":"Organisationshilfen"},"content":{"rendered":"\t\t<div data-elementor-type=\"wp-page\" data-elementor-id=\"2096\" class=\"elementor elementor-2096\" data-elementor-post-type=\"page\">\n\t\t\t\t<div class=\"elementor-element elementor-element-6df0639 e-flex e-con-boxed e-con e-parent\" data-id=\"6df0639\" data-element_type=\"container\" data-e-type=\"container\">\n\t\t\t\t\t<div class=\"e-con-inner\">\n\t\t<div class=\"elementor-element elementor-element-c8b4751 e-con-full e-flex e-con e-child\" data-id=\"c8b4751\" data-element_type=\"container\" data-e-type=\"container\">\n\t\t\t\t<div class=\"elementor-element elementor-element-c082904 elementor-widget elementor-widget-heading\" data-id=\"c082904\" data-element_type=\"widget\" data-e-type=\"widget\" data-widget_type=\"heading.default\">\n\t\t\t\t<div class=\"elementor-widget-container\">\n\t\t\t\t\t<h1 class=\"elementor-heading-title elementor-size-default\">Organisationshilfen<\/h1>\t\t\t\t<\/div>\n\t\t\t\t<\/div>\n\t\t\t\t<\/div>\n\t\t\t\t\t<\/div>\n\t\t\t\t<\/div>\n\t\t<div class=\"elementor-element elementor-element-1c882f6 e-flex e-con-boxed e-con e-parent\" data-id=\"1c882f6\" data-element_type=\"container\" data-e-type=\"container\">\n\t\t\t\t\t<div class=\"e-con-inner\">\n\t\t\t\t<div class=\"elementor-element elementor-element-0421bb6 elementor-grid-3 elementor-grid-tablet-2 elementor-grid-mobile-1 elementor-posts--thumbnail-top elementor-card-shadow-yes elementor-posts__hover-gradient elementor-widget elementor-widget-posts\" data-id=\"0421bb6\" data-element_type=\"widget\" data-e-type=\"widget\" data-settings=\"{&quot;pagination_type&quot;:&quot;numbers&quot;,&quot;cards_columns&quot;:&quot;3&quot;,&quot;cards_columns_tablet&quot;:&quot;2&quot;,&quot;cards_columns_mobile&quot;:&quot;1&quot;,&quot;cards_row_gap&quot;:{&quot;unit&quot;:&quot;px&quot;,&quot;size&quot;:35,&quot;sizes&quot;:[]},&quot;cards_row_gap_widescreen&quot;:{&quot;unit&quot;:&quot;px&quot;,&quot;size&quot;:&quot;&quot;,&quot;sizes&quot;:[]},&quot;cards_row_gap_tablet&quot;:{&quot;unit&quot;:&quot;px&quot;,&quot;size&quot;:&quot;&quot;,&quot;sizes&quot;:[]},&quot;cards_row_gap_mobile&quot;:{&quot;unit&quot;:&quot;px&quot;,&quot;size&quot;:&quot;&quot;,&quot;sizes&quot;:[]}}\" data-widget_type=\"posts.cards\">\n\t\t\t\t<div class=\"elementor-widget-container\">\n\t\t\t\t\t\t\t<div class=\"elementor-posts-container elementor-posts elementor-posts--skin-cards elementor-grid\" role=\"list\">\n\t\t\t\t<article class=\"elementor-post elementor-grid-item post-2430 post type-post status-publish format-standard has-post-thumbnail hentry category-mit-methode category-organisationshilfen tag-5s tag-kvp tag-produktivitaet tag-qualitaet tag-saeubern tag-seiketsu tag-seiri tag-seiso tag-seiton tag-selbstdisziplin tag-shitsuke tag-sortieren tag-stabil tag-standardisieren tag-strukturieren\" role=\"listitem\">\n\t\t\t<div class=\"elementor-post__card\">\n\t\t\t\t<a class=\"elementor-post__thumbnail__link\" href=\"https:\/\/unternehmensberatung-jarosch.com\/en\/5s-ordnung-sauberkeit-und-mehr\/\" tabindex=\"-1\" ><div class=\"elementor-post__thumbnail\"><img fetchpriority=\"high\" decoding=\"async\" width=\"300\" height=\"200\" src=\"https:\/\/unternehmensberatung-jarosch.com\/wp-content\/uploads\/2025\/08\/5S-3zu2-300x200.jpg\" class=\"attachment-medium size-medium wp-image-2432\" alt=\"\" srcset=\"https:\/\/unternehmensberatung-jarosch.com\/wp-content\/uploads\/2025\/08\/5S-3zu2-300x200.jpg 300w, https:\/\/unternehmensberatung-jarosch.com\/wp-content\/uploads\/2025\/08\/5S-3zu2-768x512.jpg 768w, https:\/\/unternehmensberatung-jarosch.com\/wp-content\/uploads\/2025\/08\/5S-3zu2.jpg 930w\" sizes=\"(max-width: 300px) 100vw, 300px\" \/><\/div><\/a>\n\t\t\t\t<div class=\"elementor-post__text\">\n\t\t\t\t<h1 class=\"elementor-post__title\">\n\t\t\t<a href=\"https:\/\/unternehmensberatung-jarosch.com\/en\/5s-ordnung-sauberkeit-und-mehr\/\" >\n\t\t\t\t5S Ordnung, Sauberkeit und mehr\t\t\t<\/a>\n\t\t<\/h1>\n\t\t\t\t<div class=\"elementor-post__excerpt\">\n\t\t\t<p>Wer Ordnung h\u00e4lt, ist nur zu faul zum Suchen.<\/p> <p>Die Methode 5S hilft, mit diesem bl\u00f6den Spruch aufzur\u00e4umen.<br \/> Ein Tipp vom Produktivit\u00e4ts-Experten<\/p>\t\t<\/div>\n\t\t\n\t\t<a class=\"elementor-post__read-more\" href=\"https:\/\/unternehmensberatung-jarosch.com\/en\/5s-ordnung-sauberkeit-und-mehr\/\" aria-label=\"Read more about 5S Ordnung, Sauberkeit und mehr\" tabindex=\"-1\" >\n\t\t\tWeiterlesen \u00bb\t\t<\/a>\n\n\t\t\t\t<\/div>\n\t\t\t\t\t<\/div>\n\t\t<\/article>\n\t\t\t\t<article class=\"elementor-post elementor-grid-item post-2686 post type-post status-publish format-standard has-post-thumbnail hentry category-mit-methode category-organisationshilfen category-wissensmanagement tag-autorisieren tag-compliance tag-daten tag-information tag-wert tag-wissen tag-zeichen\" role=\"listitem\">\n\t\t\t<div class=\"elementor-post__card\">\n\t\t\t\t<a class=\"elementor-post__thumbnail__link\" href=\"https:\/\/unternehmensberatung-jarosch.com\/en\/wissen-managen\/\" tabindex=\"-1\" ><div class=\"elementor-post__thumbnail\"><img decoding=\"async\" width=\"300\" height=\"202\" src=\"https:\/\/unternehmensberatung-jarosch.com\/wp-content\/uploads\/2025\/11\/Wissen-Managen-3zu2-300x202.jpg\" class=\"attachment-medium size-medium wp-image-2688\" alt=\"\" srcset=\"https:\/\/unternehmensberatung-jarosch.com\/wp-content\/uploads\/2025\/11\/Wissen-Managen-3zu2-300x202.jpg 300w, https:\/\/unternehmensberatung-jarosch.com\/wp-content\/uploads\/2025\/11\/Wissen-Managen-3zu2-768x518.jpg 768w, https:\/\/unternehmensberatung-jarosch.com\/wp-content\/uploads\/2025\/11\/Wissen-Managen-3zu2.jpg 857w\" sizes=\"(max-width: 300px) 100vw, 300px\" \/><\/div><\/a>\n\t\t\t\t<div class=\"elementor-post__text\">\n\t\t\t\t<h1 class=\"elementor-post__title\">\n\t\t\t<a href=\"https:\/\/unternehmensberatung-jarosch.com\/en\/wissen-managen\/\" >\n\t\t\t\tWissen - Managen\t\t\t<\/a>\n\t\t<\/h1>\n\t\t\t\t<div class=\"elementor-post__excerpt\">\n\t\t\t<p>Wissen im Unternehmen muss gemanaged werden.<br \/> Was ist Wissen im Unternehmen ?<br \/> Wann wird Wissen wirksam ?<\/p>\t\t<\/div>\n\t\t\n\t\t<a class=\"elementor-post__read-more\" href=\"https:\/\/unternehmensberatung-jarosch.com\/en\/wissen-managen\/\" aria-label=\"Read more about Wissen - Managen\" tabindex=\"-1\" >\n\t\t\tWeiterlesen \u00bb\t\t<\/a>\n\n\t\t\t\t<\/div>\n\t\t\t\t\t<\/div>\n\t\t<\/article>\n\t\t\t\t<article class=\"elementor-post elementor-grid-item post-2707 post type-post status-publish format-standard has-post-thumbnail hentry category-lernmethoden category-mit-methode category-organisationshilfen category-wissensmanagement tag-aktualisieren tag-analyse tag-autorisierung tag-budget tag-fehler tag-learned tag-lernen tag-lessons tag-ll tag-loesung tag-pate tag-randbedingungen tag-regel tag-ursache\" role=\"listitem\">\n\t\t\t<div class=\"elementor-post__card\">\n\t\t\t\t<a class=\"elementor-post__thumbnail__link\" href=\"https:\/\/unternehmensberatung-jarosch.com\/en\/lessons-learned\/\" tabindex=\"-1\" ><div class=\"elementor-post__thumbnail\"><img decoding=\"async\" width=\"300\" height=\"192\" src=\"https:\/\/unternehmensberatung-jarosch.com\/wp-content\/uploads\/2025\/11\/Lessons-Learned-3zu2-300x192.jpg\" class=\"attachment-medium size-medium wp-image-2687\" alt=\"\" srcset=\"https:\/\/unternehmensberatung-jarosch.com\/wp-content\/uploads\/2025\/11\/Lessons-Learned-3zu2-300x192.jpg 300w, https:\/\/unternehmensberatung-jarosch.com\/wp-content\/uploads\/2025\/11\/Lessons-Learned-3zu2-768x492.jpg 768w, https:\/\/unternehmensberatung-jarosch.com\/wp-content\/uploads\/2025\/11\/Lessons-Learned-3zu2.jpg 860w\" sizes=\"(max-width: 300px) 100vw, 300px\" \/><\/div><\/a>\n\t\t\t\t<div class=\"elementor-post__text\">\n\t\t\t\t<h1 class=\"elementor-post__title\">\n\t\t\t<a href=\"https:\/\/unternehmensberatung-jarosch.com\/en\/lessons-learned\/\" >\n\t\t\t\tLessons Learned\t\t\t<\/a>\n\t\t<\/h1>\n\t\t\t\t<div class=\"elementor-post__excerpt\">\n\t\t\t<p>Wir streben das Ideal der lernenden Organisation an. Dabei wollen wir aus Fehlern oder dem, was nicht so gut gelaufen ist, lernen.<br \/> Aber dabei\t\t<\/div>\n\t\t\n\t\t<a class=\"elementor-post__read-more\" href=\"https:\/\/unternehmensberatung-jarosch.com\/en\/lessons-learned\/\" aria-label=\"Read more about Lessons Learned\" tabindex=\"-1\" >\n\t\t\tWeiterlesen \u00bb\t\t<\/a>\n\n\t\t\t\t<\/div>\n\t\t\t\t\t<\/div>\n\t\t<\/article>\n\t\t\t\t<article class=\"elementor-post elementor-grid-item post-2713 post type-post status-publish format-standard has-post-thumbnail hentry category-lernmethoden category-mit-methode category-organisationshilfen category-wissensmanagement tag-aus-dem-ff tag-externalisieren tag-intuition tag-langjaehrig tag-sortiert tag-verstehen tag-warum tag-wissen tag-wissenstraeger tag-zugriff\" role=\"listitem\">\n\t\t\t<div class=\"elementor-post__card\">\n\t\t\t\t<a class=\"elementor-post__thumbnail__link\" href=\"https:\/\/unternehmensberatung-jarosch.com\/en\/wissen-einsammeln-externalisieren\/\" tabindex=\"-1\" ><div class=\"elementor-post__thumbnail\"><img loading=\"lazy\" decoding=\"async\" width=\"300\" height=\"171\" src=\"https:\/\/unternehmensberatung-jarosch.com\/wp-content\/uploads\/2025\/11\/Wissen-externalisieren-300x171.jpg\" class=\"attachment-medium size-medium wp-image-2715\" alt=\"\" srcset=\"https:\/\/unternehmensberatung-jarosch.com\/wp-content\/uploads\/2025\/11\/Wissen-externalisieren-300x171.jpg 300w, https:\/\/unternehmensberatung-jarosch.com\/wp-content\/uploads\/2025\/11\/Wissen-externalisieren-1024x582.jpg 1024w, https:\/\/unternehmensberatung-jarosch.com\/wp-content\/uploads\/2025\/11\/Wissen-externalisieren-768x437.jpg 768w, https:\/\/unternehmensberatung-jarosch.com\/wp-content\/uploads\/2025\/11\/Wissen-externalisieren.jpg 1463w\" sizes=\"(max-width: 300px) 100vw, 300px\" \/><\/div><\/a>\n\t\t\t\t<div class=\"elementor-post__text\">\n\t\t\t\t<h1 class=\"elementor-post__title\">\n\t\t\t<a href=\"https:\/\/unternehmensberatung-jarosch.com\/en\/wissen-einsammeln-externalisieren\/\" >\n\t\t\t\tWissen einsammeln (externalisieren)\t\t\t<\/a>\n\t\t<\/h1>\n\t\t\t\t<div class=\"elementor-post__excerpt\">\n\t\t\t<p>In K\u00fcrze wird ein wertvolles Teammitglied ausscheiden und sein Wissen mit nach Hause nehmen.<br \/> Wie k\u00f6nnen wir dieses Wissen im Unternehmen halten?<\/p>\t\t<\/div>\n\t\t\n\t\t<a class=\"elementor-post__read-more\" href=\"https:\/\/unternehmensberatung-jarosch.com\/en\/wissen-einsammeln-externalisieren\/\" aria-label=\"Read more about Wissen einsammeln (externalisieren)\" tabindex=\"-1\" >\n\t\t\tWeiterlesen \u00bb\t\t<\/a>\n\n\t\t\t\t<\/div>\n\t\t\t\t\t<\/div>\n\t\t<\/article>\n\t\t\t\t<article class=\"elementor-post elementor-grid-item post-2731 post type-post status-publish format-standard has-post-thumbnail hentry category-mit-methode category-organisationshilfen category-wissensmanagement tag-bilanz tag-externalisieren tag-geld tag-humankapital tag-intelectual-properties tag-organisationskapital tag-patente-etc tag-sortiert tag-stukturkapital tag-veraeusserbares-wissen tag-warum tag-wert tag-wissen tag-wissenstraeger\" role=\"listitem\">\n\t\t\t<div class=\"elementor-post__card\">\n\t\t\t\t<a class=\"elementor-post__thumbnail__link\" href=\"https:\/\/unternehmensberatung-jarosch.com\/en\/den-monetaeren-wert-von-wissen-schaetzen\/\" tabindex=\"-1\" ><div class=\"elementor-post__thumbnail\"><img loading=\"lazy\" decoding=\"async\" width=\"300\" height=\"142\" src=\"https:\/\/unternehmensberatung-jarosch.com\/wp-content\/uploads\/2026\/01\/Wert-von-Wissen-bewerten-300x142.jpg\" class=\"attachment-medium size-medium wp-image-2732\" alt=\"\" srcset=\"https:\/\/unternehmensberatung-jarosch.com\/wp-content\/uploads\/2026\/01\/Wert-von-Wissen-bewerten-300x142.jpg 300w, https:\/\/unternehmensberatung-jarosch.com\/wp-content\/uploads\/2026\/01\/Wert-von-Wissen-bewerten-1024x486.jpg 1024w, https:\/\/unternehmensberatung-jarosch.com\/wp-content\/uploads\/2026\/01\/Wert-von-Wissen-bewerten-768x365.jpg 768w, https:\/\/unternehmensberatung-jarosch.com\/wp-content\/uploads\/2026\/01\/Wert-von-Wissen-bewerten.jpg 1529w\" sizes=\"(max-width: 300px) 100vw, 300px\" \/><\/div><\/a>\n\t\t\t\t<div class=\"elementor-post__text\">\n\t\t\t\t<h1 class=\"elementor-post__title\">\n\t\t\t<a href=\"https:\/\/unternehmensberatung-jarosch.com\/en\/den-monetaeren-wert-von-wissen-schaetzen\/\" >\n\t\t\t\tDen monet\u00e4ren Wert von Wissen sch\u00e4tzen\t\t\t<\/a>\n\t\t<\/h1>\n\t\t\t\t<div class=\"elementor-post__excerpt\">\n\t\t\t<p>Wissen ist wertvoll. Nur welchen Wert in Geld k\u00f6nnen wir Wissen im Unternehmen zuweisen. Hier ein paar Vorschl\u00e4ge, diese Werte zu sch\u00e4tzen.<\/p>\t\t<\/div>\n\t\t\n\t\t<a class=\"elementor-post__read-more\" href=\"https:\/\/unternehmensberatung-jarosch.com\/en\/den-monetaeren-wert-von-wissen-schaetzen\/\" aria-label=\"Read more about Den monet\u00e4ren Wert von Wissen sch\u00e4tzen\" tabindex=\"-1\" >\n\t\t\tWeiterlesen \u00bb\t\t<\/a>\n\n\t\t\t\t<\/div>\n\t\t\t\t\t<\/div>\n\t\t<\/article>\n\t\t\t\t<article class=\"elementor-post elementor-grid-item post-3051 post type-post status-publish format-standard has-post-thumbnail hentry category-qualitaetundlieferanten category-entwicklungsmethoden category-mit-methode category-organisationshilfen tag-entscheidungen tag-entwicklung tag-fuehrung tag-management tag-meilenstein tag-oem tag-pep tag-phasen tag-projekt tag-reifegrad tag-serienreife tag-system\" role=\"listitem\">\n\t\t\t<div class=\"elementor-post__card\">\n\t\t\t\t<a class=\"elementor-post__thumbnail__link\" href=\"https:\/\/unternehmensberatung-jarosch.com\/en\/reifegrad-modelle\/\" tabindex=\"-1\" ><div class=\"elementor-post__thumbnail\"><img loading=\"lazy\" decoding=\"async\" width=\"300\" height=\"107\" src=\"https:\/\/unternehmensberatung-jarosch.com\/wp-content\/uploads\/2026\/04\/Reifegrad-Ueberschrift-300x107.jpg\" class=\"attachment-medium size-medium wp-image-3052\" alt=\"\" srcset=\"https:\/\/unternehmensberatung-jarosch.com\/wp-content\/uploads\/2026\/04\/Reifegrad-Ueberschrift-300x107.jpg 300w, https:\/\/unternehmensberatung-jarosch.com\/wp-content\/uploads\/2026\/04\/Reifegrad-Ueberschrift-1024x365.jpg 1024w, https:\/\/unternehmensberatung-jarosch.com\/wp-content\/uploads\/2026\/04\/Reifegrad-Ueberschrift-768x273.jpg 768w, https:\/\/unternehmensberatung-jarosch.com\/wp-content\/uploads\/2026\/04\/Reifegrad-Ueberschrift.jpg 1261w\" sizes=\"(max-width: 300px) 100vw, 300px\" \/><\/div><\/a>\n\t\t\t\t<div class=\"elementor-post__text\">\n\t\t\t\t<h1 class=\"elementor-post__title\">\n\t\t\t<a href=\"https:\/\/unternehmensberatung-jarosch.com\/en\/reifegrad-modelle\/\" >\n\t\t\t\tReifegrad-Modelle\t\t\t<\/a>\n\t\t<\/h1>\n\t\t\t\t<div class=\"elementor-post__excerpt\">\n\t\t\t<p>Ein Entwicklungs-Projekt durchl\u00e4uft unterschiedliche Phasen. Schrittweise steigt der Reifegrad &#8211; sofern ein praktikables System dabei unterst\u00fctzt.<\/p>\t\t<\/div>\n\t\t\n\t\t<a class=\"elementor-post__read-more\" href=\"https:\/\/unternehmensberatung-jarosch.com\/en\/reifegrad-modelle\/\" aria-label=\"Read more about Reifegrad-Modelle\" tabindex=\"-1\" >\n\t\t\tWeiterlesen \u00bb\t\t<\/a>\n\n\t\t\t\t<\/div>\n\t\t\t\t\t<\/div>\n\t\t<\/article>\n\t\t\t\t<\/div>\n\t\t\n\t\t\t\t\t\t<\/div>\n\t\t\t\t<\/div>\n\t\t\t\t\t<\/div>\n\t\t\t\t<\/div>\n\t\t<div class=\"elementor-element elementor-element-24afb7b e-flex e-con-boxed e-con e-parent\" data-id=\"24afb7b\" data-element_type=\"container\" data-e-type=\"container\">\n\t\t\t\t\t<div class=\"e-con-inner\">\n\t\t<div class=\"elementor-element elementor-element-0e59ca5 e-con-full e-flex e-con e-child\" data-id=\"0e59ca5\" data-element_type=\"container\" data-e-type=\"container\" data-settings=\"{&quot;background_background&quot;:&quot;classic&quot;}\">\n\t\t\t\t<div class=\"elementor-element elementor-element-3e9836d elementor-widget elementor-widget-text-editor\" data-id=\"3e9836d\" data-element_type=\"widget\" data-e-type=\"widget\" data-widget_type=\"text-editor.default\">\n\t\t\t\t<div class=\"elementor-widget-container\">\n\t\t\t\t\t\t\t\t\t<h4 style=\"text-align: center;\">Sie m\u00f6chten Methoden anwenden?<\/h4><p style=\"text-align: center;\">Gerne berate ich Sie pers\u00f6nlich bez\u00fcglich der Implementierung bestimmter Methoden in Ihre ganz individuellen Abl\u00e4ufe. Kontaktieren Sie mich daf\u00fcr einfach direkt und lassen Sie uns gemeinsam die passende L\u00f6sung finden.\u00a0<\/p>\t\t\t\t\t\t\t\t<\/div>\n\t\t\t\t<\/div>\n\t\t\t\t<div class=\"elementor-element elementor-element-0cfbb67 elementor-align-center elementor-widget elementor-widget-button\" data-id=\"0cfbb67\" data-element_type=\"widget\" data-e-type=\"widget\" data-widget_type=\"button.default\">\n\t\t\t\t<div class=\"elementor-widget-container\">\n\t\t\t\t\t\t\t\t\t<div class=\"elementor-button-wrapper\">\n\t\t\t\t\t<a class=\"elementor-button elementor-button-link elementor-size-sm\" href=\"https:\/\/unternehmensberatung-jarosch.com\/kontakt\/\">\n\t\t\t\t\t\t<span class=\"elementor-button-content-wrapper\">\n\t\t\t\t\t\t\t\t\t<span class=\"elementor-button-text\">Jetzt Termin anfragen<\/span>\n\t\t\t\t\t<\/span>\n\t\t\t\t\t<\/a>\n\t\t\t\t<\/div>\n\t\t\t\t\t\t\t\t<\/div>\n\t\t\t\t<\/div>\n\t\t\t\t<\/div>\n\t\t\t\t\t<\/div>\n\t\t\t\t<\/div>\n\t\t\t\t<\/div>\n\t\t","protected":false},"excerpt":{"rendered":"<p>Reifegrad-Modelle Ein Beitrag von Dr. Uwe-Klaus Jarosch, April 2026 Produktentwicklung:Ganz einfach:\u00a0 Eine Idee haben &#8211;\u00a0 Ausprobieren \u2013 Anbieten \u2013 Fertig. Im Handwerk mag das stellenweise so ablaufen und auch gut funktionieren. Sobald wir \u00fcber industrielle Produkte, also Produkte mit einem gr\u00f6\u00dferen Kundenkreis und einer wiederholenden Fertigung sprechen, wird sowohl die Entwicklung des Produkts selbst als [&hellip;]<\/p>\n","protected":false},"author":2,"featured_media":0,"parent":2026,"menu_order":0,"comment_status":"closed","ping_status":"closed","template":"","meta":{"_themeisle_gutenberg_block_has_review":false,"footnotes":""},"class_list":["post-2096","page","type-page","status-publish","hentry"],"_links":{"self":[{"href":"https:\/\/unternehmensberatung-jarosch.com\/en\/wp-json\/wp\/v2\/pages\/2096","targetHints":{"allow":["GET"]}}],"collection":[{"href":"https:\/\/unternehmensberatung-jarosch.com\/en\/wp-json\/wp\/v2\/pages"}],"about":[{"href":"https:\/\/unternehmensberatung-jarosch.com\/en\/wp-json\/wp\/v2\/types\/page"}],"author":[{"embeddable":true,"href":"https:\/\/unternehmensberatung-jarosch.com\/en\/wp-json\/wp\/v2\/users\/2"}],"replies":[{"embeddable":true,"href":"https:\/\/unternehmensberatung-jarosch.com\/en\/wp-json\/wp\/v2\/comments?post=2096"}],"version-history":[{"count":10,"href":"https:\/\/unternehmensberatung-jarosch.com\/en\/wp-json\/wp\/v2\/pages\/2096\/revisions"}],"predecessor-version":[{"id":2175,"href":"https:\/\/unternehmensberatung-jarosch.com\/en\/wp-json\/wp\/v2\/pages\/2096\/revisions\/2175"}],"up":[{"embeddable":true,"href":"https:\/\/unternehmensberatung-jarosch.com\/en\/wp-json\/wp\/v2\/pages\/2026"}],"wp:attachment":[{"href":"https:\/\/unternehmensberatung-jarosch.com\/en\/wp-json\/wp\/v2\/media?parent=2096"}],"curies":[{"name":"wp","href":"https:\/\/api.w.org\/{rel}","templated":true}]}}