{"id":208,"date":"2024-10-07T13:50:44","date_gmt":"2024-10-07T13:50:44","guid":{"rendered":"https:\/\/unternehmensberatung-jarosch.com\/?page_id=208"},"modified":"2026-02-11T23:17:19","modified_gmt":"2026-02-11T23:17:19","slug":"beratung","status":"publish","type":"page","link":"https:\/\/unternehmensberatung-jarosch.com\/en\/beratung\/","title":{"rendered":"Beratung"},"content":{"rendered":"\t\t<div data-elementor-type=\"wp-page\" data-elementor-id=\"208\" class=\"elementor elementor-208\" data-elementor-post-type=\"page\">\n\t\t\t\t<div class=\"elementor-element elementor-element-eb16d37 animated-slow e-flex e-con-boxed elementor-invisible e-con e-parent\" data-id=\"eb16d37\" data-element_type=\"container\" data-e-type=\"container\" data-settings=\"{&quot;animation&quot;:&quot;fadeIn&quot;}\">\n\t\t\t\t\t<div class=\"e-con-inner\">\n\t\t<div class=\"elementor-element elementor-element-17d4996 e-con-full e-flex e-con e-child\" data-id=\"17d4996\" data-element_type=\"container\" data-e-type=\"container\">\n\t\t\t\t<div class=\"elementor-element elementor-element-2be9471 elementor-widget__width-initial elementor-widget elementor-widget-heading\" data-id=\"2be9471\" data-element_type=\"widget\" data-e-type=\"widget\" data-widget_type=\"heading.default\">\n\t\t\t\t<div class=\"elementor-widget-container\">\n\t\t\t\t\t<h4 class=\"elementor-heading-title elementor-size-default\">Ihre Fragen und Probleme ben\u00f6tigen eine eigenst\u00e4ndige Beratung und L\u00f6sung.<\/h4>\t\t\t\t<\/div>\n\t\t\t\t<\/div>\n\t\t\t\t<div class=\"elementor-element elementor-element-34b764f elementor-widget__width-initial elementor-widget-mobile__width-initial elementor-widget elementor-widget-text-editor\" data-id=\"34b764f\" data-element_type=\"widget\" data-e-type=\"widget\" data-widget_type=\"text-editor.default\">\n\t\t\t\t<div class=\"elementor-widget-container\">\n\t\t\t\t\t\t\t\t\t<p><span style=\"color: var( --e-global-color-secondary ); text-align: var(--text-align);\">May be, there are similar cases which give experience. But this is not a standardized solution from the stock.<br \/>What will work is a methodological approach.<br \/>This helps me and you to clearly address the task, to distinguish symptoms and root causes of a . Then we can develop solutions, test them, optimize them and finally present and introduce them.<\/span><\/p><p>In such a change process I can support you by consulting, training, coaching or even leading the team.<\/p>\t\t\t\t\t\t\t\t<\/div>\n\t\t\t\t<\/div>\n\t\t\t\t<\/div>\n\t\t<div class=\"elementor-element elementor-element-4a9df7e e-con-full e-flex e-con e-child\" data-id=\"4a9df7e\" data-element_type=\"container\" data-e-type=\"container\" data-settings=\"{&quot;background_background&quot;:&quot;classic&quot;}\">\n\t\t\t\t<\/div>\n\t\t\t\t\t<\/div>\n\t\t\t\t<\/div>\n\t\t<div class=\"elementor-element elementor-element-4e7cb1d animated-slow e-flex e-con-boxed elementor-invisible e-con e-parent\" data-id=\"4e7cb1d\" data-element_type=\"container\" data-e-type=\"container\" data-settings=\"{&quot;animation&quot;:&quot;fadeIn&quot;,&quot;animation_delay&quot;:500}\">\n\t\t\t\t\t<div class=\"e-con-inner\">\n\t\t\t\t<div class=\"elementor-element elementor-element-4d1c835 elementor-widget elementor-widget-text-editor\" data-id=\"4d1c835\" data-element_type=\"widget\" data-e-type=\"widget\" data-widget_type=\"text-editor.default\">\n\t\t\t\t<div class=\"elementor-widget-container\">\n\t\t\t\t\t\t\t\t\t<p>Frequent aspects of my work<\/p>\t\t\t\t\t\t\t\t<\/div>\n\t\t\t\t<\/div>\n\t\t\t\t<div class=\"elementor-element elementor-element-9af7672 elementor-widget elementor-widget-image\" data-id=\"9af7672\" data-element_type=\"widget\" data-e-type=\"widget\" data-widget_type=\"image.default\">\n\t\t\t\t<div class=\"elementor-widget-container\">\n\t\t\t\t\t\t\t\t\t\t\t\t\t\t\t<img fetchpriority=\"high\" decoding=\"async\" width=\"800\" height=\"800\" src=\"https:\/\/unternehmensberatung-jarosch.com\/wp-content\/uploads\/2024\/10\/wordcloud-1-1024x1024.png\" class=\"attachment-large size-large wp-image-210\" alt=\"\" srcset=\"https:\/\/unternehmensberatung-jarosch.com\/wp-content\/uploads\/2024\/10\/wordcloud-1-1024x1024.png 1024w, https:\/\/unternehmensberatung-jarosch.com\/wp-content\/uploads\/2024\/10\/wordcloud-1-300x300.png 300w, https:\/\/unternehmensberatung-jarosch.com\/wp-content\/uploads\/2024\/10\/wordcloud-1-150x150.png 150w, https:\/\/unternehmensberatung-jarosch.com\/wp-content\/uploads\/2024\/10\/wordcloud-1-768x768.png 768w, https:\/\/unternehmensberatung-jarosch.com\/wp-content\/uploads\/2024\/10\/wordcloud-1-1536x1536.png 1536w, https:\/\/unternehmensberatung-jarosch.com\/wp-content\/uploads\/2024\/10\/wordcloud-1-2048x2048.png 2048w\" sizes=\"(max-width: 800px) 100vw, 800px\" \/>\t\t\t\t\t\t\t\t\t\t\t\t\t\t\t<\/div>\n\t\t\t\t<\/div>\n\t\t\t\t\t<\/div>\n\t\t\t\t<\/div>\n\t\t<div class=\"elementor-element elementor-element-5305603 animated-slow e-flex e-con-boxed elementor-invisible e-con e-parent\" data-id=\"5305603\" data-element_type=\"container\" data-e-type=\"container\" data-settings=\"{&quot;animation&quot;:&quot;fadeIn&quot;,&quot;animation_delay&quot;:1000}\">\n\t\t\t\t\t<div class=\"e-con-inner\">\n\t\t<div class=\"elementor-element elementor-element-cbcdaf3 e-con-full e-flex e-con e-child\" data-id=\"cbcdaf3\" data-element_type=\"container\" data-e-type=\"container\" data-settings=\"{&quot;background_background&quot;:&quot;classic&quot;}\">\n\t\t\t\t<div class=\"elementor-element elementor-element-01e4b19 elementor-widget elementor-widget-text-editor\" data-id=\"01e4b19\" data-element_type=\"widget\" data-e-type=\"widget\" data-widget_type=\"text-editor.default\">\n\t\t\t\t<div class=\"elementor-widget-container\">\n\t\t\t\t\t\t\t\t\t<h4><span style=\"color: var( --e-global-color-secondary ); font-family: var( --e-global-typography-text-font-family ), Sans-serif; background-color: var( --e-global-color-text );\">GEMEINSAM ZUR L\u00d6SUNG<\/span><\/h4><p style=\"text-align: center;\">Nehmen Sie noch heute unverbindlich Kontakt auf, <br \/>um Ihr Qualit\u00e4tsmanagement auf das n\u00e4chste Level zu bringen!<\/p>\t\t\t\t\t\t\t\t<\/div>\n\t\t\t\t<\/div>\n\t\t\t\t<div class=\"elementor-element elementor-element-d1c71c3 elementor-widget elementor-widget-button\" data-id=\"d1c71c3\" data-element_type=\"widget\" data-e-type=\"widget\" data-widget_type=\"button.default\">\n\t\t\t\t<div class=\"elementor-widget-container\">\n\t\t\t\t\t\t\t\t\t<div class=\"elementor-button-wrapper\">\n\t\t\t\t\t<a class=\"elementor-button elementor-button-link elementor-size-sm\" href=\"https:\/\/unternehmensberatung-jarosch.com\/kontakt\/\" target=\"_blank\">\n\t\t\t\t\t\t<span class=\"elementor-button-content-wrapper\">\n\t\t\t\t\t\t\t\t\t<span class=\"elementor-button-text\">Terminanfrage senden<\/span>\n\t\t\t\t\t<\/span>\n\t\t\t\t\t<\/a>\n\t\t\t\t<\/div>\n\t\t\t\t\t\t\t\t<\/div>\n\t\t\t\t<\/div>\n\t\t\t\t<\/div>\n\t\t\t\t\t<\/div>\n\t\t\t\t<\/div>\n\t\t\t\t<\/div>\n\t\t","protected":false},"excerpt":{"rendered":"<p>Ihre Fragen und Probleme ben\u00f6tigen eine eigenst\u00e4ndige Beratung und L\u00f6sung. Es mag \u00e4hnliche F\u00e4lle geben, aus denen Erfahrungen abgeleitet werden k\u00f6nnen, aber es gibt keine Standard-L\u00f6sungen aus der Schublade. Was funktioniert, sind methodische Vorgehensweisen. Sie helfen mir und Ihnen, eine Aufgabe sinnvoll zu formulieren, Probleme in ihre Symptome und Ursachen zu unterteilen, L\u00f6sungsans\u00e4tze zu entwickeln [&hellip;]<\/p>\n","protected":false},"author":1,"featured_media":210,"parent":0,"menu_order":0,"comment_status":"closed","ping_status":"closed","template":"","meta":{"_themeisle_gutenberg_block_has_review":false,"footnotes":""},"class_list":["post-208","page","type-page","status-publish","has-post-thumbnail","hentry"],"_links":{"self":[{"href":"https:\/\/unternehmensberatung-jarosch.com\/en\/wp-json\/wp\/v2\/pages\/208","targetHints":{"allow":["GET"]}}],"collection":[{"href":"https:\/\/unternehmensberatung-jarosch.com\/en\/wp-json\/wp\/v2\/pages"}],"about":[{"href":"https:\/\/unternehmensberatung-jarosch.com\/en\/wp-json\/wp\/v2\/types\/page"}],"author":[{"embeddable":true,"href":"https:\/\/unternehmensberatung-jarosch.com\/en\/wp-json\/wp\/v2\/users\/1"}],"replies":[{"embeddable":true,"href":"https:\/\/unternehmensberatung-jarosch.com\/en\/wp-json\/wp\/v2\/comments?post=208"}],"version-history":[{"count":6,"href":"https:\/\/unternehmensberatung-jarosch.com\/en\/wp-json\/wp\/v2\/pages\/208\/revisions"}],"predecessor-version":[{"id":2933,"href":"https:\/\/unternehmensberatung-jarosch.com\/en\/wp-json\/wp\/v2\/pages\/208\/revisions\/2933"}],"wp:featuredmedia":[{"embeddable":true,"href":"https:\/\/unternehmensberatung-jarosch.com\/en\/wp-json\/wp\/v2\/media\/210"}],"wp:attachment":[{"href":"https:\/\/unternehmensberatung-jarosch.com\/en\/wp-json\/wp\/v2\/media?parent=208"}],"curies":[{"name":"wp","href":"https:\/\/api.w.org\/{rel}","templated":true}]}}