{"id":2026,"date":"2025-07-17T13:29:56","date_gmt":"2025-07-17T13:29:56","guid":{"rendered":"https:\/\/unternehmensberatung-jarosch.com\/?page_id=2026"},"modified":"2026-02-11T23:14:50","modified_gmt":"2026-02-11T23:14:50","slug":"mit-methode","status":"publish","type":"page","link":"https:\/\/unternehmensberatung-jarosch.com\/en\/mit-methode\/","title":{"rendered":"Mit Methode"},"content":{"rendered":"\t\t<div data-elementor-type=\"wp-page\" data-elementor-id=\"2026\" class=\"elementor elementor-2026\" data-elementor-post-type=\"page\">\n\t\t\t\t<div class=\"elementor-element elementor-element-47548d8 e-flex e-con-boxed e-con e-parent\" data-id=\"47548d8\" data-element_type=\"container\" data-e-type=\"container\">\n\t\t\t\t\t<div class=\"e-con-inner\">\n\t\t\t\t<div class=\"elementor-element elementor-element-ccda448 elementor-widget elementor-widget-heading\" data-id=\"ccda448\" data-element_type=\"widget\" data-e-type=\"widget\" data-widget_type=\"heading.default\">\n\t\t\t\t<div class=\"elementor-widget-container\">\n\t\t\t\t\t<h1 class=\"elementor-heading-title elementor-size-default\">Mit Methode ...<\/h1>\t\t\t\t<\/div>\n\t\t\t\t<\/div>\n\t\t\t\t<div class=\"elementor-element elementor-element-0cb29b0 elementor-widget elementor-widget-text-editor\" data-id=\"0cb29b0\" data-element_type=\"widget\" data-e-type=\"widget\" data-widget_type=\"text-editor.default\">\n\t\t\t\t<div class=\"elementor-widget-container\">\n\t\t\t\t\t\t\t\t\t<p>&#8230; arbeitet es sich leichter und vor allen Dingen effektiver.<\/p><p>In allen Disziplinen, in denen Menschen organisiert zusammenarbeiten, ist eine Abstimmung von Aufgaben und Hierarchien n\u00f6tig. Dar\u00fcber hinaus ben\u00f6tigen wir aber auch eine Vereinbarung \u00fcber den gemeinsamen Weg zum Ziel. Der Weg zum Ziel beinhaltet wiederum 2 Aspekte: die Theorie und das Vorgehen Schritt f\u00fcr Schritt.<\/p><p>Beides wird in einer verallgemeinerten Form als Methode bezeichnet. Wird diese Methode dann konkret in einer Organisation angewendet, so spricht man von einem Prozess oder einer Prozedur.<\/p><p>Die Anzahl der Methoden ist riesig geworden. Gerne wird alter Wein in neuen Schl\u00e4uchen verkauft, indem etwas leicht variiert und als neue Methode angepriesen wird.<\/p><p><b>Mein Spezialgebiet ist das Qualit\u00e4ts- und Projekt-Management.<\/b><\/p><p>Neben meinem <strong><a href=\"https:\/\/unternehmensberatung-jarosch.com\/buch\/\">Buch <\/a><\/strong>habe ich nach einer M\u00f6glichkeit gesucht, \u00dcbersicht, Auswahl und Zugriff auf Methoden einfach zu gestalten. So ist &#8220;Mit Methode&#8221; entstanden.<\/p><p>Hinter den folgenden Oberbegriffen finden Sie verschiedenste Beitr\u00e4ge, welche Ihnen die Methoden und Ihre Anwendung f\u00fcr die Praxis n\u00e4her bringen sollen. Dort finden sie zum Teil auch Links auf Methodenbeschreibungen an anderen Stellen im Netz.<\/p>\t\t\t\t\t\t\t\t<\/div>\n\t\t\t\t<\/div>\n\t\t\t\t\t<\/div>\n\t\t\t\t<\/div>\n\t\t<div class=\"elementor-element elementor-element-f507557 e-flex e-con-boxed e-con e-parent\" data-id=\"f507557\" data-element_type=\"container\" data-e-type=\"container\">\n\t\t\t\t\t<div class=\"e-con-inner\">\n\t\t<div class=\"elementor-element elementor-element-fee411a e-grid e-con-full elementor-invisible e-con e-child\" data-id=\"fee411a\" data-element_type=\"container\" data-e-type=\"container\" data-settings=\"{&quot;background_background&quot;:&quot;classic&quot;,&quot;animation_mobile&quot;:&quot;fadeIn&quot;,&quot;animation&quot;:&quot;fadeIn&quot;}\">\n\t\t\t\t<div class=\"elementor-element elementor-element-e24a258 elementor-align-justify elementor-widget__width-initial elementor-widget elementor-widget-button\" data-id=\"e24a258\" data-element_type=\"widget\" data-e-type=\"widget\" data-widget_type=\"button.default\">\n\t\t\t\t<div class=\"elementor-widget-container\">\n\t\t\t\t\t\t\t\t\t<div class=\"elementor-button-wrapper\">\n\t\t\t\t\t<a class=\"elementor-button elementor-size-sm elementor-animation-float\" role=\"button\">\n\t\t\t\t\t\t<span class=\"elementor-button-content-wrapper\">\n\t\t\t\t\t\t\t\t\t<span class=\"elementor-button-text\">Methoden-\u00dcbersichten<\/span>\n\t\t\t\t\t<\/span>\n\t\t\t\t\t<\/a>\n\t\t\t\t<\/div>\n\t\t\t\t\t\t\t\t<\/div>\n\t\t\t\t<\/div>\n\t\t\t\t<div class=\"elementor-element elementor-element-c04d5bb elementor-align-justify elementor-widget__width-initial elementor-widget elementor-widget-button\" data-id=\"c04d5bb\" data-element_type=\"widget\" data-e-type=\"widget\" data-widget_type=\"button.default\">\n\t\t\t\t<div class=\"elementor-widget-container\">\n\t\t\t\t\t\t\t\t\t<div class=\"elementor-button-wrapper\">\n\t\t\t\t\t<a class=\"elementor-button elementor-size-sm elementor-animation-float\" role=\"button\">\n\t\t\t\t\t\t<span class=\"elementor-button-content-wrapper\">\n\t\t\t\t\t\t\t\t\t<span class=\"elementor-button-text\">Chancen- und Risiko-Management<\/span>\n\t\t\t\t\t<\/span>\n\t\t\t\t\t<\/a>\n\t\t\t\t<\/div>\n\t\t\t\t\t\t\t\t<\/div>\n\t\t\t\t<\/div>\n\t\t\t\t<div class=\"elementor-element elementor-element-04284e4 elementor-align-justify elementor-widget__width-initial elementor-widget elementor-widget-button\" data-id=\"04284e4\" data-element_type=\"widget\" data-e-type=\"widget\" data-widget_type=\"button.default\">\n\t\t\t\t<div class=\"elementor-widget-container\">\n\t\t\t\t\t\t\t\t\t<div class=\"elementor-button-wrapper\">\n\t\t\t\t\t<a class=\"elementor-button elementor-button-link elementor-size-sm elementor-animation-float\" href=\"https:\/\/unternehmensberatung-jarosch.com\/mit-methode\/problemloesungsmethoden\/\">\n\t\t\t\t\t\t<span class=\"elementor-button-content-wrapper\">\n\t\t\t\t\t\t\t\t\t<span class=\"elementor-button-text\">Probleml\u00f6sungs-Methoden<\/span>\n\t\t\t\t\t<\/span>\n\t\t\t\t\t<\/a>\n\t\t\t\t<\/div>\n\t\t\t\t\t\t\t\t<\/div>\n\t\t\t\t<\/div>\n\t\t\t\t<div class=\"elementor-element elementor-element-5b704f3 elementor-align-justify elementor-widget__width-initial elementor-widget elementor-widget-button\" data-id=\"5b704f3\" data-element_type=\"widget\" data-e-type=\"widget\" data-widget_type=\"button.default\">\n\t\t\t\t<div class=\"elementor-widget-container\">\n\t\t\t\t\t\t\t\t\t<div class=\"elementor-button-wrapper\">\n\t\t\t\t\t<a class=\"elementor-button elementor-button-link elementor-size-sm elementor-animation-float\" href=\"https:\/\/unternehmensberatung-jarosch.com\/mit-methode\/qualitaets-vorausplanung\/\">\n\t\t\t\t\t\t<span class=\"elementor-button-content-wrapper\">\n\t\t\t\t\t\t\t\t\t<span class=\"elementor-button-text\">Qualit\u00e4ts-Vorausplanung<\/span>\n\t\t\t\t\t<\/span>\n\t\t\t\t\t<\/a>\n\t\t\t\t<\/div>\n\t\t\t\t\t\t\t\t<\/div>\n\t\t\t\t<\/div>\n\t\t\t\t<div class=\"elementor-element elementor-element-028f8cb elementor-align-justify elementor-widget__width-initial elementor-widget elementor-widget-button\" data-id=\"028f8cb\" data-element_type=\"widget\" data-e-type=\"widget\" data-widget_type=\"button.default\">\n\t\t\t\t<div class=\"elementor-widget-container\">\n\t\t\t\t\t\t\t\t\t<div class=\"elementor-button-wrapper\">\n\t\t\t\t\t<a class=\"elementor-button elementor-button-link elementor-size-sm elementor-animation-float\" href=\"https:\/\/unternehmensberatung-jarosch.com\/mit-methode\/ursache-wirkung\/\">\n\t\t\t\t\t\t<span class=\"elementor-button-content-wrapper\">\n\t\t\t\t\t\t\t\t\t<span class=\"elementor-button-text\">Ursache-Wirkung<\/span>\n\t\t\t\t\t<\/span>\n\t\t\t\t\t<\/a>\n\t\t\t\t<\/div>\n\t\t\t\t\t\t\t\t<\/div>\n\t\t\t\t<\/div>\n\t\t\t\t<div class=\"elementor-element elementor-element-ee3b55f elementor-align-justify elementor-widget__width-initial elementor-widget elementor-widget-button\" data-id=\"ee3b55f\" data-element_type=\"widget\" data-e-type=\"widget\" data-widget_type=\"button.default\">\n\t\t\t\t<div class=\"elementor-widget-container\">\n\t\t\t\t\t\t\t\t\t<div class=\"elementor-button-wrapper\">\n\t\t\t\t\t<a class=\"elementor-button elementor-button-link elementor-size-sm elementor-animation-float\" href=\"https:\/\/unternehmensberatung-jarosch.com\/mit-methode\/organisationshilfen\/\">\n\t\t\t\t\t\t<span class=\"elementor-button-content-wrapper\">\n\t\t\t\t\t\t\t\t\t<span class=\"elementor-button-text\">Organisationshilfen<\/span>\n\t\t\t\t\t<\/span>\n\t\t\t\t\t<\/a>\n\t\t\t\t<\/div>\n\t\t\t\t\t\t\t\t<\/div>\n\t\t\t\t<\/div>\n\t\t\t\t<div class=\"elementor-element elementor-element-50599eb elementor-align-justify elementor-widget__width-initial elementor-widget elementor-widget-button\" data-id=\"50599eb\" data-element_type=\"widget\" data-e-type=\"widget\" data-widget_type=\"button.default\">\n\t\t\t\t<div class=\"elementor-widget-container\">\n\t\t\t\t\t\t\t\t\t<div class=\"elementor-button-wrapper\">\n\t\t\t\t\t<a class=\"elementor-button elementor-button-link elementor-size-sm elementor-animation-float\" href=\"https:\/\/unternehmensberatung-jarosch.com\/mit-methode\/entwicklungs-methoden\/\">\n\t\t\t\t\t\t<span class=\"elementor-button-content-wrapper\">\n\t\t\t\t\t\t\t\t\t<span class=\"elementor-button-text\">Entwicklungs-Methoden<\/span>\n\t\t\t\t\t<\/span>\n\t\t\t\t\t<\/a>\n\t\t\t\t<\/div>\n\t\t\t\t\t\t\t\t<\/div>\n\t\t\t\t<\/div>\n\t\t\t\t<div class=\"elementor-element elementor-element-304f00e elementor-align-justify elementor-widget__width-initial elementor-widget elementor-widget-button\" data-id=\"304f00e\" data-element_type=\"widget\" data-e-type=\"widget\" data-widget_type=\"button.default\">\n\t\t\t\t<div class=\"elementor-widget-container\">\n\t\t\t\t\t\t\t\t\t<div class=\"elementor-button-wrapper\">\n\t\t\t\t\t<a class=\"elementor-button elementor-button-link elementor-size-sm elementor-animation-float\" href=\"https:\/\/unternehmensberatung-jarosch.com\/mit-methode\/lern-methoden\/\">\n\t\t\t\t\t\t<span class=\"elementor-button-content-wrapper\">\n\t\t\t\t\t\t\t\t\t<span class=\"elementor-button-text\">Lern-Methoden<\/span>\n\t\t\t\t\t<\/span>\n\t\t\t\t\t<\/a>\n\t\t\t\t<\/div>\n\t\t\t\t\t\t\t\t<\/div>\n\t\t\t\t<\/div>\n\t\t\t\t<div class=\"elementor-element elementor-element-0d839d0 elementor-align-justify elementor-widget__width-initial elementor-widget elementor-widget-button\" data-id=\"0d839d0\" data-element_type=\"widget\" data-e-type=\"widget\" data-widget_type=\"button.default\">\n\t\t\t\t<div class=\"elementor-widget-container\">\n\t\t\t\t\t\t\t\t\t<div class=\"elementor-button-wrapper\">\n\t\t\t\t\t<a class=\"elementor-button elementor-button-link elementor-size-sm elementor-animation-float\" href=\"https:\/\/unternehmensberatung-jarosch.com\/mit-methode\/wissens-management\/\">\n\t\t\t\t\t\t<span class=\"elementor-button-content-wrapper\">\n\t\t\t\t\t\t\t\t\t<span class=\"elementor-button-text\">Wissens-Management<\/span>\n\t\t\t\t\t<\/span>\n\t\t\t\t\t<\/a>\n\t\t\t\t<\/div>\n\t\t\t\t\t\t\t\t<\/div>\n\t\t\t\t<\/div>\n\t\t\t\t<div class=\"elementor-element elementor-element-30895ad elementor-align-justify elementor-widget__width-initial elementor-widget elementor-widget-button\" data-id=\"30895ad\" data-element_type=\"widget\" data-e-type=\"widget\" data-widget_type=\"button.default\">\n\t\t\t\t<div class=\"elementor-widget-container\">\n\t\t\t\t\t\t\t\t\t<div class=\"elementor-button-wrapper\">\n\t\t\t\t\t<a class=\"elementor-button elementor-button-link elementor-size-sm elementor-animation-float\" href=\"https:\/\/unternehmensberatung-jarosch.com\/mit-methode\/entwicklungs-von-qualitaet-und-bei-lieferanten\/\">\n\t\t\t\t\t\t<span class=\"elementor-button-content-wrapper\">\n\t\t\t\t\t\t\t\t\t<span class=\"elementor-button-text\">Entwicklung von Qualit\u00e4t und\/bei Lieferanten<\/span>\n\t\t\t\t\t<\/span>\n\t\t\t\t\t<\/a>\n\t\t\t\t<\/div>\n\t\t\t\t\t\t\t\t<\/div>\n\t\t\t\t<\/div>\n\t\t\t\t<\/div>\n\t\t\t\t\t<\/div>\n\t\t\t\t<\/div>\n\t\t<div class=\"elementor-element elementor-element-7a6e898 e-flex e-con-boxed e-con e-parent\" data-id=\"7a6e898\" data-element_type=\"container\" data-e-type=\"container\">\n\t\t\t\t\t<div class=\"e-con-inner\">\n\t\t<div class=\"elementor-element elementor-element-30304e0 e-con-full e-flex e-con e-child\" data-id=\"30304e0\" data-element_type=\"container\" data-e-type=\"container\" data-settings=\"{&quot;background_background&quot;:&quot;classic&quot;}\">\n\t\t\t\t<div class=\"elementor-element elementor-element-950c7bd elementor-widget elementor-widget-text-editor\" data-id=\"950c7bd\" data-element_type=\"widget\" data-e-type=\"widget\" data-widget_type=\"text-editor.default\">\n\t\t\t\t<div class=\"elementor-widget-container\">\n\t\t\t\t\t\t\t\t\t<h4 style=\"text-align: center;\">Sie m\u00f6chten Methoden anwenden?<\/h4><p style=\"text-align: center;\">Gerne berate ich Sie pers\u00f6nlich bez\u00fcglich der Implementierung bestimmter Methoden in Ihre ganz individuellen Abl\u00e4ufe. Kontaktieren Sie mich daf\u00fcr einfach direkt und lassen Sie uns gemeinsam die passende L\u00f6sung finden.\u00a0<\/p>\t\t\t\t\t\t\t\t<\/div>\n\t\t\t\t<\/div>\n\t\t\t\t<div class=\"elementor-element elementor-element-a940661 elementor-widget elementor-widget-button\" data-id=\"a940661\" data-element_type=\"widget\" data-e-type=\"widget\" data-widget_type=\"button.default\">\n\t\t\t\t<div class=\"elementor-widget-container\">\n\t\t\t\t\t\t\t\t\t<div class=\"elementor-button-wrapper\">\n\t\t\t\t\t<a class=\"elementor-button elementor-button-link elementor-size-sm\" href=\"https:\/\/unternehmensberatung-jarosch.com\/kontakt\/\">\n\t\t\t\t\t\t<span class=\"elementor-button-content-wrapper\">\n\t\t\t\t\t\t\t\t\t<span class=\"elementor-button-text\">Jetzt Termin anfragen<\/span>\n\t\t\t\t\t<\/span>\n\t\t\t\t\t<\/a>\n\t\t\t\t<\/div>\n\t\t\t\t\t\t\t\t<\/div>\n\t\t\t\t<\/div>\n\t\t\t\t<\/div>\n\t\t\t\t\t<\/div>\n\t\t\t\t<\/div>\n\t\t\t\t<\/div>\n\t\t","protected":false},"excerpt":{"rendered":"<p>Mit Methode &#8230; &#8230; arbeitet es sich leichter und vor allen Dingen effektiver. In allen Disziplinen, in denen Menschen organisiert zusammenarbeiten, ist eine Abstimmung von Aufgaben und Hierarchien n\u00f6tig. Dar\u00fcber hinaus ben\u00f6tigen wir aber auch eine Vereinbarung \u00fcber den gemeinsamen Weg zum Ziel. Der Weg zum Ziel beinhaltet wiederum 2 Aspekte: die Theorie und das [&hellip;]<\/p>\n","protected":false},"author":2,"featured_media":54,"parent":0,"menu_order":0,"comment_status":"closed","ping_status":"closed","template":"","meta":{"_themeisle_gutenberg_block_has_review":false,"footnotes":""},"class_list":["post-2026","page","type-page","status-publish","has-post-thumbnail","hentry"],"_links":{"self":[{"href":"https:\/\/unternehmensberatung-jarosch.com\/en\/wp-json\/wp\/v2\/pages\/2026","targetHints":{"allow":["GET"]}}],"collection":[{"href":"https:\/\/unternehmensberatung-jarosch.com\/en\/wp-json\/wp\/v2\/pages"}],"about":[{"href":"https:\/\/unternehmensberatung-jarosch.com\/en\/wp-json\/wp\/v2\/types\/page"}],"author":[{"embeddable":true,"href":"https:\/\/unternehmensberatung-jarosch.com\/en\/wp-json\/wp\/v2\/users\/2"}],"replies":[{"embeddable":true,"href":"https:\/\/unternehmensberatung-jarosch.com\/en\/wp-json\/wp\/v2\/comments?post=2026"}],"version-history":[{"count":28,"href":"https:\/\/unternehmensberatung-jarosch.com\/en\/wp-json\/wp\/v2\/pages\/2026\/revisions"}],"predecessor-version":[{"id":2927,"href":"https:\/\/unternehmensberatung-jarosch.com\/en\/wp-json\/wp\/v2\/pages\/2026\/revisions\/2927"}],"wp:featuredmedia":[{"embeddable":true,"href":"https:\/\/unternehmensberatung-jarosch.com\/en\/wp-json\/wp\/v2\/media\/54"}],"wp:attachment":[{"href":"https:\/\/unternehmensberatung-jarosch.com\/en\/wp-json\/wp\/v2\/media?parent=2026"}],"curies":[{"name":"wp","href":"https:\/\/api.w.org\/{rel}","templated":true}]}}