{"id":1203,"date":"2024-10-08T11:14:44","date_gmt":"2024-10-08T11:14:44","guid":{"rendered":"https:\/\/unternehmensberatung-jarosch.com\/?page_id=1203"},"modified":"2026-02-11T23:27:17","modified_gmt":"2026-02-11T23:27:17","slug":"widerruf","status":"publish","type":"page","link":"https:\/\/unternehmensberatung-jarosch.com\/en\/widerruf\/","title":{"rendered":"Widerruf"},"content":{"rendered":"\t\t<div data-elementor-type=\"wp-page\" data-elementor-id=\"1203\" class=\"elementor elementor-1203\" data-elementor-post-type=\"page\">\n\t\t\t\t<div class=\"elementor-element elementor-element-284e497 e-flex e-con-boxed e-con e-parent\" data-id=\"284e497\" data-element_type=\"container\" data-e-type=\"container\">\n\t\t\t\t\t<div class=\"e-con-inner\">\n\t\t\t\t<div class=\"elementor-element elementor-element-b64a286 elementor-widget elementor-widget-heading\" data-id=\"b64a286\" data-element_type=\"widget\" data-e-type=\"widget\" data-widget_type=\"heading.default\">\n\t\t\t\t<div class=\"elementor-widget-container\">\n\t\t\t\t\t<h4 class=\"elementor-heading-title elementor-size-default\">Widerrufsbelehrung<\/h4>\t\t\t\t<\/div>\n\t\t\t\t<\/div>\n\t\t\t\t<div class=\"elementor-element elementor-element-e504135 elementor-widget elementor-widget-text-editor\" data-id=\"e504135\" data-element_type=\"widget\" data-e-type=\"widget\" data-widget_type=\"text-editor.default\">\n\t\t\t\t<div class=\"elementor-widget-container\">\n\t\t\t\t\t\t\t\t\t<p>(1) Verbraucher haben bei Abschluss eines Fernabsatzgesch\u00e4fts ein gesetzliches Widerrufsrecht, \u00fcber das die Anbieterin nach Ma\u00dfgabe des gesetzlichen Musters nachfolgend informiert. Die Ausnahmen vom Widerrufsrecht sind in Absatz (2) geregelt. Weiter unten findet sich ein Muster-Widerrufsformular.\u00a0<\/p><p><b>Widerrufsbelehrung\u00a0<\/b><\/p><p><b>Widerrufsrecht\u00a0<\/b><\/p><p>Sie haben das Recht, binnen vierzehn Tagen ohne Angaben von Gr\u00fcnden diesen Vertrag zu widerrufen.\u00a0<\/p><p>Die Widerrufsfrist betr\u00e4gt vierzehn Tage ab dem Tag, an dem Sie oder ein von Ihnen benannter Dritter, der nicht Bef\u00f6rderer ist, die Waren in Besitz genommen haben bzw. hat.\u00a0<\/p><p>Um Ihr Widerrufsrecht auszu\u00fcben, m\u00fcssen Sie uns [<b>Unternhemensberatung Jarosch, Uwe-Klaus Jarosch, Auf der H\u00f6h 5, 33142 B\u00fcren<\/b>] mittels einer eindeutigen Erkl\u00e4rung (zB ein mit der Post versandter Brief oder E-Mail) \u00fcber Ihren Entschluss, diesen Vertrag zu widerrufen, informieren. Sie k\u00f6nnen daf\u00fcr das beigef\u00fcgte Muster-Widerrufsformular verwenden, das jedoch nicht vorgeschrieben ist.\u00a0<\/p><p>Zur Wahrung der Widerrufsfrist reicht es aus, dass Sie die Mitteilung \u00fcber die Aus\u00fcbung des Widerrufsrechts vor Ablauf der Widerrufsfrist absenden.\u00a0<\/p><p><b>Folgen des Widerrufs\u00a0<\/b><\/p><p>Wenn Sie diesen Vertrag widerrufen, haben wir Ihnen alle Zahlungen, die wir von Ihnen erhalten haben, einschlie\u00dflich der Lieferkosten (mit Ausnahme der zus\u00e4tzlichen Kosten, die sich daraus ergeben, dass Sie eine andere Art der Lieferung als die von uns angebotene, g\u00fcnstige Standardlieferung gew\u00e4hlt haben), unverz\u00fcglich und sp\u00e4testens binnen vierzehn Tagen ab dem Tag zur\u00fcckzuzahlen, an dem die Mitteilung \u00fcber Ihren Widerruf dieses Vertrages bei uns eingegangen ist. F\u00fcr diese R\u00fcckzahlung verwenden wir dasselbe Zahlungsmittel, das Sie bei der urspr\u00fcnglichen Transaktion eingesetzt haben, es sei denn, mit Ihnen wurde ausdr\u00fccklich etwas anderes vereinbart; in keinem Fall werden Ihnen wegen dieser R\u00fcckzahlung Entgelte berechnet.\u00a0<\/p><p>Wir k\u00f6nnen die R\u00fcckzahlung verweigern, bis wir die Ware wieder zur\u00fcckerhalten haben oder bis Sie den Nachweis erbracht haben, dass Sie die Waren zur\u00fcckgesandt haben, je nachdem, welches der fr\u00fchere Zeitpunkt ist.<span class=\"Apple-converted-space\">\u00a0<\/span><\/p><p>Sie haben die Waren unverz\u00fcglich und in jedem Fall sp\u00e4testens binnen vierzehn Tagen ab dem Tag, an dem Sie uns \u00fcber den Widerruf dieses Vertrages unterrichten, an uns zur\u00fcckzusenden oder zu \u00fcbergeben. Die Frist ist gewahrt, wenn Sie die Waren vor Ablauf der Frist von vierzehn Tagen absenden.<span class=\"Apple-converted-space\">\u00a0<\/span><\/p><p>Sie tragen die unmittelbaren Kosten der R\u00fccksendung der Waren.<span class=\"Apple-converted-space\">\u00a0<\/span><\/p><p>Sie m\u00fcssen f\u00fcr einen etwaigen Wertverlust der Waren nur aufkommen, wenn dieser Wertverlust auf einen zur Pr\u00fcfung der Beschaffenheit, Eigenschaften und Funktionsweise der Waren nicht notwendigen Umgang mit ihnen zur\u00fcckzuf\u00fchren ist.<span class=\"Apple-converted-space\">\u00a0<\/span><\/p><p>(2) Das Widerrufsrecht besteht nicht bei Vertr\u00e4gen zur Lieferung von Ton- oder Videoaufnahmen oder bei Waren, die nicht vorgefertigt sind und f\u00fcr deren Herstellung eine individuelle Auswahl oder Bestimmung durch den Verbraucher ma\u00dfgeblich ist oder die eindeutig auf die pers\u00f6nlichen Bed\u00fcrfnisse des Verbrauchers zugeschnitten sind. Insoweit wird auf \u00a7 312g Abs. 2 BGB verwiesen.<span class=\"Apple-converted-space\">\u00a0<\/span><\/p><p>(3) Beim Download von digitalen Produkten verzichtet der Kunde auf sein Widerrufsrecht.<span class=\"Apple-converted-space\">\u00a0<\/span><\/p><p>(4) \u00dcber das Muster-Widerrufsformular informiert die Anbieterin nach der gesetzlichen Regelung wie folgt:<span class=\"Apple-converted-space\">\u00a0<\/span><\/p>\t\t\t\t\t\t\t\t<\/div>\n\t\t\t\t<\/div>\n\t\t\t\t\t<\/div>\n\t\t\t\t<\/div>\n\t\t<div class=\"elementor-element elementor-element-994a7e9 e-flex e-con-boxed e-con e-parent\" data-id=\"994a7e9\" data-element_type=\"container\" data-e-type=\"container\">\n\t\t\t\t\t<div class=\"e-con-inner\">\n\t\t\t\t<div class=\"elementor-element elementor-element-6197b9c elementor-widget elementor-widget-heading\" data-id=\"6197b9c\" data-element_type=\"widget\" data-e-type=\"widget\" data-widget_type=\"heading.default\">\n\t\t\t\t<div class=\"elementor-widget-container\">\n\t\t\t\t\t<h4 class=\"elementor-heading-title elementor-size-default\">Muster-Widerrufsformular<\/h4>\t\t\t\t<\/div>\n\t\t\t\t<\/div>\n\t\t\t\t<div class=\"elementor-element elementor-element-a3ca76b elementor-widget elementor-widget-text-editor\" data-id=\"a3ca76b\" data-element_type=\"widget\" data-e-type=\"widget\" data-widget_type=\"text-editor.default\">\n\t\t\t\t<div class=\"elementor-widget-container\">\n\t\t\t\t\t\t\t\t\t<p class=\"p1\"><b>Muster-Widerrufsformular <\/b><\/p><p class=\"p1\">(Wenn Sie den Vertrag widerrufen wollen, dann f\u00fcllen Sie bitte dieses Formular aus und senden Sie es zur\u00fcck.)<\/p><p class=\"p1\">An <b>Unternhemensberatung Jarosch, Uwe-Klaus Jarosch, Auf der H\u00f6h 5, 33142 B\u00fcren<\/b><\/p><p class=\"p1\">Hiermit widerrufe(n) ich\/wir (&#8230;) den von mir\/uns (&#8230;) abgeschlossenen Vertrag \u00fcber den Kauf der folgenden Waren (&#8230;)\/ die Erbringung der folgenden Dienstleistung (&#8230;)<\/p><p class=\"p1\">Bestellt am (&#8230;)\/erhalten am (&#8230;)<\/p><p class=\"p1\">Name des\/der Verbraucher(s): (&#8230;)<\/p><p class=\"p1\">Anschrift des\/der Verbraucher(s): (&#8230;)<\/p><p class=\"p1\">Unterschrift des\/der Verbraucher(s) (nur bei Mitteilung auf Papier): (&#8230;)<\/p><p class=\"p1\">Datum: (&#8230;)<\/p><p class=\"p1\">(&#8230;) Unzutreffendes streichen<\/p><p class=\"p1\"><b>\u2013 Ende der Widerrufsbelehrung \u2013<\/b><\/p>\t\t\t\t\t\t\t\t<\/div>\n\t\t\t\t<\/div>\n\t\t\t\t\t<\/div>\n\t\t\t\t<\/div>\n\t\t\t\t<\/div>\n\t\t","protected":false},"excerpt":{"rendered":"<p>Widerrufsbelehrung (1) Verbraucher haben bei Abschluss eines Fernabsatzgesch\u00e4fts ein gesetzliches Widerrufsrecht, \u00fcber das die Anbieterin nach Ma\u00dfgabe des gesetzlichen Musters nachfolgend informiert. Die Ausnahmen vom Widerrufsrecht sind in Absatz (2) geregelt. Weiter unten findet sich ein Muster-Widerrufsformular.\u00a0 Widerrufsbelehrung\u00a0 Widerrufsrecht\u00a0 Sie haben das Recht, binnen vierzehn Tagen ohne Angaben von Gr\u00fcnden diesen Vertrag zu widerrufen.\u00a0 Die [&hellip;]<\/p>\n","protected":false},"author":1,"featured_media":0,"parent":0,"menu_order":0,"comment_status":"closed","ping_status":"closed","template":"","meta":{"_themeisle_gutenberg_block_has_review":false,"footnotes":""},"class_list":["post-1203","page","type-page","status-publish","hentry"],"_links":{"self":[{"href":"https:\/\/unternehmensberatung-jarosch.com\/en\/wp-json\/wp\/v2\/pages\/1203","targetHints":{"allow":["GET"]}}],"collection":[{"href":"https:\/\/unternehmensberatung-jarosch.com\/en\/wp-json\/wp\/v2\/pages"}],"about":[{"href":"https:\/\/unternehmensberatung-jarosch.com\/en\/wp-json\/wp\/v2\/types\/page"}],"author":[{"embeddable":true,"href":"https:\/\/unternehmensberatung-jarosch.com\/en\/wp-json\/wp\/v2\/users\/1"}],"replies":[{"embeddable":true,"href":"https:\/\/unternehmensberatung-jarosch.com\/en\/wp-json\/wp\/v2\/comments?post=1203"}],"version-history":[{"count":3,"href":"https:\/\/unternehmensberatung-jarosch.com\/en\/wp-json\/wp\/v2\/pages\/1203\/revisions"}],"predecessor-version":[{"id":2945,"href":"https:\/\/unternehmensberatung-jarosch.com\/en\/wp-json\/wp\/v2\/pages\/1203\/revisions\/2945"}],"wp:attachment":[{"href":"https:\/\/unternehmensberatung-jarosch.com\/en\/wp-json\/wp\/v2\/media?parent=1203"}],"curies":[{"name":"wp","href":"https:\/\/api.w.org\/{rel}","templated":true}]}}