{"id":1189,"date":"2024-10-08T11:04:24","date_gmt":"2024-10-08T11:04:24","guid":{"rendered":"https:\/\/unternehmensberatung-jarosch.com\/?page_id=1189"},"modified":"2026-02-11T23:25:00","modified_gmt":"2026-02-11T23:25:00","slug":"buchbestellung","status":"publish","type":"page","link":"https:\/\/unternehmensberatung-jarosch.com\/en\/buchbestellung\/","title":{"rendered":"Buchbestellung"},"content":{"rendered":"\t\t<div data-elementor-type=\"wp-page\" data-elementor-id=\"1189\" class=\"elementor elementor-1189\" data-elementor-post-type=\"page\">\n\t\t\t\t<div class=\"elementor-element elementor-element-4975b26 e-flex e-con-boxed elementor-invisible e-con e-parent\" data-id=\"4975b26\" data-element_type=\"container\" data-e-type=\"container\" data-settings=\"{&quot;animation&quot;:&quot;fadeIn&quot;}\">\n\t\t\t\t\t<div class=\"e-con-inner\">\n\t\t\t\t<div class=\"elementor-element elementor-element-7fbc556 elementor-widget elementor-widget-heading\" data-id=\"7fbc556\" data-element_type=\"widget\" data-e-type=\"widget\" data-widget_type=\"heading.default\">\n\t\t\t\t<div class=\"elementor-widget-container\">\n\t\t\t\t\t<h4 class=\"elementor-heading-title elementor-size-default\">Jetzt bestellen!<\/h4>\t\t\t\t<\/div>\n\t\t\t\t<\/div>\n\t\t\t\t\t<\/div>\n\t\t\t\t<\/div>\n\t\t<div class=\"elementor-element elementor-element-bb3d042 e-flex e-con-boxed e-con e-parent\" data-id=\"bb3d042\" data-element_type=\"container\" data-e-type=\"container\">\n\t\t\t\t\t<div class=\"e-con-inner\">\n\t\t<div class=\"elementor-element elementor-element-52d8500 e-flex e-con-boxed e-con e-child\" data-id=\"52d8500\" data-element_type=\"container\" data-e-type=\"container\">\n\t\t\t\t\t<div class=\"e-con-inner\">\n\t\t\t\t<div class=\"elementor-element elementor-element-fc2e860 elementor-widget-tablet__width-inherit elementor-widget elementor-widget-image\" data-id=\"fc2e860\" data-element_type=\"widget\" data-e-type=\"widget\" data-widget_type=\"image.default\">\n\t\t\t\t<div class=\"elementor-widget-container\">\n\t\t\t\t\t\t\t\t\t\t\t\t\t\t\t<img fetchpriority=\"high\" decoding=\"async\" width=\"800\" height=\"600\" src=\"https:\/\/unternehmensberatung-jarosch.com\/wp-content\/uploads\/2024\/10\/Softcover-Mockup_Vorausplanen-1024x768.jpg\" class=\"attachment-large size-large wp-image-1432\" alt=\"\" srcset=\"https:\/\/unternehmensberatung-jarosch.com\/wp-content\/uploads\/2024\/10\/Softcover-Mockup_Vorausplanen-1024x768.jpg 1024w, https:\/\/unternehmensberatung-jarosch.com\/wp-content\/uploads\/2024\/10\/Softcover-Mockup_Vorausplanen-300x225.jpg 300w, https:\/\/unternehmensberatung-jarosch.com\/wp-content\/uploads\/2024\/10\/Softcover-Mockup_Vorausplanen-768x576.jpg 768w, https:\/\/unternehmensberatung-jarosch.com\/wp-content\/uploads\/2024\/10\/Softcover-Mockup_Vorausplanen-1536x1152.jpg 1536w, https:\/\/unternehmensberatung-jarosch.com\/wp-content\/uploads\/2024\/10\/Softcover-Mockup_Vorausplanen.jpg 2000w\" sizes=\"(max-width: 800px) 100vw, 800px\" \/>\t\t\t\t\t\t\t\t\t\t\t\t\t\t\t<\/div>\n\t\t\t\t<\/div>\n\t\t\t\t\t<\/div>\n\t\t\t\t<\/div>\n\t\t<div class=\"elementor-element elementor-element-e5a55ae e-con-full e-flex e-con e-child\" data-id=\"e5a55ae\" data-element_type=\"container\" data-e-type=\"container\">\n\t\t<div class=\"elementor-element elementor-element-9426e0b e-con-full e-flex e-con e-child\" data-id=\"9426e0b\" data-element_type=\"container\" data-e-type=\"container\">\n\t\t\t\t<div class=\"elementor-element elementor-element-08e8c13 elementor-widget__width-initial elementor-widget elementor-widget-text-editor\" data-id=\"08e8c13\" data-element_type=\"widget\" data-e-type=\"widget\" data-widget_type=\"text-editor.default\">\n\t\t\t\t<div class=\"elementor-widget-container\">\n\t\t\t\t\t\t\t\t\t<p>Vielen Dank f\u00fcr Ihr Interesse an meinem Buch &#8220;<b>Vorausplanen \u2013 Schritt f\u00fcr Schritt von der Idee zum Produkt<\/b>&#8220;.<br \/>Das Buch umfasst 716 Seiten mit 137 Abbildungen \u2013 Kompendium und Erkl\u00e4rung zugleich. Es bietet einen umfassenden \u00dcberblick \u00fcber Methoden und wie man diese zum Nutzen im Bereich FMEA, Risikomanagement und Qualit\u00e4tsmanagement einsetzt.<\/p><p><span style=\"font-size: 12pt; line-height: 1.2;\">\u00dcber das folgende Formular k\u00f6nnen sie das Buch direkt bei mir bestellen.<br \/>Mit dem gedruckten Buch (60\u20ac) k\u00f6nnen sie das zugeh\u00f6rige E-Book im Verlag abrufen.<br \/><\/span><b style=\"font-size: 12pt; color: var( --e-global-color-secondary ); font-family: var( --e-global-typography-text-font-family ), Sans-serif; text-align: var(--text-align);\">Gerne wird das Buch vor dem Versand f\u00fcr sie signiert.<\/b><\/p><p><span style=\"font-size: 12pt; line-height: 1.2;\">Alternativ ist die Bestellung des E-Books auch separat m\u00f6glich (45\u20ac).<span class=\"Apple-converted-space\">\u00a0<\/span><br \/>Das E-Book wird f\u00fcr sie mit dem angegebenen Vornamen + Namen + Unternehmen personalisiert.<\/span><\/p><p><span style=\"font-size: 12pt; line-height: 1.2;\">Der Versand ist kostenlos.<\/span><\/p>\t\t\t\t\t\t\t\t<\/div>\n\t\t\t\t<\/div>\n\t\t\t\t<\/div>\n\t\t<div class=\"elementor-element elementor-element-8ccbbbf e-con-full e-flex e-con e-child\" data-id=\"8ccbbbf\" data-element_type=\"container\" data-e-type=\"container\">\n\t\t\t\t<div class=\"elementor-element elementor-element-6bf9eed elementor-widget elementor-widget-text-editor\" data-id=\"6bf9eed\" data-element_type=\"widget\" data-e-type=\"widget\" data-widget_type=\"text-editor.default\">\n\t\t\t\t<div class=\"elementor-widget-container\">\n\t\t\t\t\t\t\t\t\t<p>Bei Fragen oder Schwierigkeiten erreichen Sie mich unter <span style=\"text-decoration: underline; color: #000000;\"><a style=\"color: #000000; text-decoration: underline;\" href=\"mailto:kontakt@unternehmensberatung-jarosch.com\">kontakt@unternehmensberatung-jarosch.com<\/a><\/span><span style=\"color: #000000;\"><span style=\"text-decoration: underline;\">.<\/span><br \/><\/span>Nach Eingang der Bestellung erhalten Sie von mir eine Auftragsbest\u00e4tigung per E-Mail sowie die entsprechende Rechnung zu Ihrer Bestellung. Innerhalb von 14 Tagen nach Bestellung k\u00f6nnen Sie Ihren Auftrag ohne Angabe von Gr\u00fcnden widerrufen <span style=\"color: #000000;\">(<span style=\"text-decoration: underline;\"><a style=\"color: #000000; text-decoration: underline;\" href=\"https:\/\/unternehmensberatung-jarosch.com\/widerruf\/\">Widerrufsbelehrung<\/a><\/span><\/span>). Mit der Bestellung einer signierten Ausgabe oder dem Download des ihnen zugesandten, personalisierten E-Books verzichten sie auf ihr Widerrufsrecht.<\/p>\t\t\t\t\t\t\t\t<\/div>\n\t\t\t\t<\/div>\n\t\t\t\t<\/div>\n\t\t\t\t<\/div>\n\t\t\t\t\t<\/div>\n\t\t\t\t<\/div>\n\t\t<div class=\"elementor-element elementor-element-31143a2 e-flex e-con-boxed elementor-invisible e-con e-parent\" data-id=\"31143a2\" data-element_type=\"container\" data-e-type=\"container\" data-settings=\"{&quot;animation&quot;:&quot;fadeIn&quot;,&quot;animation_delay&quot;:600}\">\n\t\t\t\t\t<div class=\"e-con-inner\">\n\t\t\t\t<div class=\"elementor-element elementor-element-9ea35cc elementor-widget-tablet__width-initial elementor-widget-mobile__width-auto elementor-widget__width-initial elementor-button-align-stretch elementor-widget elementor-widget-form\" data-id=\"9ea35cc\" data-element_type=\"widget\" data-e-type=\"widget\" data-settings=\"{&quot;step_next_label&quot;:&quot;N\\u00e4chstes&quot;,&quot;step_previous_label&quot;:&quot;Zur\\u00fcck&quot;,&quot;step_type&quot;:&quot;progress_bar&quot;,&quot;button_width&quot;:&quot;100&quot;}\" data-widget_type=\"form.default\">\n\t\t\t\t<div class=\"elementor-widget-container\">\n\t\t\t\t\t\t\t<form class=\"elementor-form\" method=\"post\" id=\"contact_form_id\" name=\"Kontaktform\" aria-label=\"Kontaktform\" novalidate=\"\">\n\t\t\t<input type=\"hidden\" name=\"post_id\" value=\"1189\"\/>\n\t\t\t<input type=\"hidden\" name=\"form_id\" value=\"9ea35cc\"\/>\n\t\t\t<input type=\"hidden\" name=\"referer_title\" value=\"Buchbestellung\" \/>\n\n\t\t\t\t\t\t\t<input type=\"hidden\" name=\"queried_id\" value=\"1189\"\/>\n\t\t\t\n\t\t\t<div class=\"elementor-form-fields-wrapper elementor-labels-\">\n\t\t\t\t\t\t\t\t<div class=\"elementor-field-type-text elementor-field-group elementor-column elementor-field-group-field_983400e elementor-col-100\">\n\t\t\t\t\t\t\t\t\t\t\t\t<label for=\"form-field-field_983400e\" class=\"elementor-field-label elementor-screen-only\">\n\t\t\t\t\t\t\t\tUnternehmen\t\t\t\t\t\t\t<\/label>\n\t\t\t\t\t\t\t\t\t\t\t\t\t\t<input size=\"1\" type=\"text\" name=\"form_fields[field_983400e]\" id=\"form-field-field_983400e\" class=\"elementor-field elementor-size-sm  elementor-field-textual\" placeholder=\"Unternehmen (optional)\">\n\t\t\t\t\t\t\t\t\t\t\t<\/div>\n\t\t\t\t\t\t\t\t<div class=\"elementor-field-type-text elementor-field-group elementor-column elementor-field-group-vorname elementor-col-100 elementor-field-required\">\n\t\t\t\t\t\t\t\t\t\t\t\t<label for=\"form-field-vorname\" class=\"elementor-field-label elementor-screen-only\">\n\t\t\t\t\t\t\t\tVorname\t\t\t\t\t\t\t<\/label>\n\t\t\t\t\t\t\t\t\t\t\t\t\t\t<input size=\"1\" type=\"text\" name=\"form_fields[vorname]\" id=\"form-field-vorname\" class=\"elementor-field elementor-size-sm  elementor-field-textual\" placeholder=\"Vorname*\" required=\"required\">\n\t\t\t\t\t\t\t\t\t\t\t<\/div>\n\t\t\t\t\t\t\t\t<div class=\"elementor-field-type-text elementor-field-group elementor-column elementor-field-group-nachname elementor-col-100 elementor-field-required\">\n\t\t\t\t\t\t\t\t\t\t\t\t<label for=\"form-field-nachname\" class=\"elementor-field-label elementor-screen-only\">\n\t\t\t\t\t\t\t\tNachname\t\t\t\t\t\t\t<\/label>\n\t\t\t\t\t\t\t\t\t\t\t\t\t\t<input size=\"1\" type=\"text\" name=\"form_fields[nachname]\" id=\"form-field-nachname\" class=\"elementor-field elementor-size-sm  elementor-field-textual\" placeholder=\"Nachname*\" required=\"required\">\n\t\t\t\t\t\t\t\t\t\t\t<\/div>\n\t\t\t\t\t\t\t\t<div class=\"elementor-field-type-email elementor-field-group elementor-column elementor-field-group-email elementor-col-100 elementor-field-required\">\n\t\t\t\t\t\t\t\t\t\t\t\t<label for=\"form-field-email\" class=\"elementor-field-label elementor-screen-only\">\n\t\t\t\t\t\t\t\tE-Mailadresse\t\t\t\t\t\t\t<\/label>\n\t\t\t\t\t\t\t\t\t\t\t\t\t\t<input size=\"1\" type=\"email\" name=\"form_fields[email]\" id=\"form-field-email\" class=\"elementor-field elementor-size-sm  elementor-field-textual\" placeholder=\"E-Mailadresse*\" required=\"required\">\n\t\t\t\t\t\t\t\t\t\t\t<\/div>\n\t\t\t\t\t\t\t\t<div class=\"elementor-field-type-text elementor-field-group elementor-column elementor-field-group-rechnungs_adresse elementor-col-100\">\n\t\t\t\t\t\t\t\t\t\t\t\t<label for=\"form-field-rechnungs_adresse\" class=\"elementor-field-label elementor-screen-only\">\n\t\t\t\t\t\t\t\tRechnungsadresse\t\t\t\t\t\t\t<\/label>\n\t\t\t\t\t\t\t\t\t\t\t\t\t\t<input size=\"1\" type=\"text\" name=\"form_fields[rechnungs_adresse]\" id=\"form-field-rechnungs_adresse\" class=\"elementor-field elementor-size-sm  elementor-field-textual\" placeholder=\"Rechnungsadresse (Stra\u00dfe Nr, PLZ Stadt)*\">\n\t\t\t\t\t\t\t\t\t\t\t<\/div>\n\t\t\t\t\t\t\t\t<div class=\"elementor-field-type-text elementor-field-group elementor-column elementor-field-group-liefer_adresse elementor-col-100\">\n\t\t\t\t\t\t\t\t\t\t\t\t<label for=\"form-field-liefer_adresse\" class=\"elementor-field-label elementor-screen-only\">\n\t\t\t\t\t\t\t\tLieferadresse\t\t\t\t\t\t\t<\/label>\n\t\t\t\t\t\t\t\t\t\t\t\t\t\t<input size=\"1\" type=\"text\" name=\"form_fields[liefer_adresse]\" id=\"form-field-liefer_adresse\" class=\"elementor-field elementor-size-sm  elementor-field-textual\" placeholder=\"Lieferadresse (falls abweichend von Rechnungsadresse)\">\n\t\t\t\t\t\t\t\t\t\t\t<\/div>\n\t\t\t\t\t\t\t\t<div class=\"elementor-field-type-select elementor-field-group elementor-column elementor-field-group-ausfuehrung elementor-col-40 elementor-field-required\">\n\t\t\t\t\t\t\t\t\t\t\t\t<label for=\"form-field-ausfuehrung\" class=\"elementor-field-label elementor-screen-only\">\n\t\t\t\t\t\t\t\tAusf\u00fchrung\t\t\t\t\t\t\t<\/label>\n\t\t\t\t\t\t\t\t<div class=\"elementor-field elementor-select-wrapper remove-before \">\n\t\t\t<div class=\"select-caret-down-wrapper\">\n\t\t\t\t<svg aria-hidden=\"true\" class=\"e-font-icon-svg e-eicon-caret-down\" viewBox=\"0 0 571.4 571.4\" xmlns=\"http:\/\/www.w3.org\/2000\/svg\"><path d=\"M571 393Q571 407 561 418L311 668Q300 679 286 679T261 668L11 418Q0 407 0 393T11 368 36 357H536Q550 357 561 368T571 393Z\"><\/path><\/svg>\t\t\t<\/div>\n\t\t\t<select name=\"form_fields[ausfuehrung]\" id=\"form-field-ausfuehrung\" class=\"elementor-field-textual elementor-size-sm\" required=\"required\">\n\t\t\t\t\t\t\t\t\t<option value=\"Gedrucktes Buch inkl. E-Book und Versand (60\u20ac)\">Gedrucktes Buch inkl. E-Book und Versand (60\u20ac)<\/option>\n\t\t\t\t\t\t\t\t\t<option value=\"Gedrucktes Buch (signiert) inkl. E-Book und Versand (60\u20ac)\">Gedrucktes Buch (signiert) inkl. E-Book und Versand (60\u20ac)<\/option>\n\t\t\t\t\t\t\t\t\t<option value=\"E-Book (45\u20ac)\">E-Book (45\u20ac)<\/option>\n\t\t\t\t\t\t\t<\/select>\n\t\t<\/div>\n\t\t\t\t\t\t<\/div>\n\t\t\t\t\t\t\t\t<div class=\"elementor-field-type-select elementor-field-group elementor-column elementor-field-group-field_f6fba7c elementor-col-20 elementor-field-required\">\n\t\t\t\t\t\t\t\t\t\t\t\t<label for=\"form-field-field_f6fba7c\" class=\"elementor-field-label elementor-screen-only\">\n\t\t\t\t\t\t\t\tAnzahl\t\t\t\t\t\t\t<\/label>\n\t\t\t\t\t\t\t\t<div class=\"elementor-field elementor-select-wrapper remove-before \">\n\t\t\t<div class=\"select-caret-down-wrapper\">\n\t\t\t\t<svg aria-hidden=\"true\" class=\"e-font-icon-svg e-eicon-caret-down\" viewBox=\"0 0 571.4 571.4\" xmlns=\"http:\/\/www.w3.org\/2000\/svg\"><path d=\"M571 393Q571 407 561 418L311 668Q300 679 286 679T261 668L11 418Q0 407 0 393T11 368 36 357H536Q550 357 561 368T571 393Z\"><\/path><\/svg>\t\t\t<\/div>\n\t\t\t<select name=\"form_fields[field_f6fba7c]\" id=\"form-field-field_f6fba7c\" class=\"elementor-field-textual elementor-size-sm\" required=\"required\">\n\t\t\t\t\t\t\t\t\t<option value=\"1 Exemplar\">1 Exemplar<\/option>\n\t\t\t\t\t\t\t\t\t<option value=\"2 Exemplare\">2 Exemplare<\/option>\n\t\t\t\t\t\t\t\t\t<option value=\"3 Exemplare\">3 Exemplare<\/option>\n\t\t\t\t\t\t\t\t\t<option value=\"4 Exemplare\">4 Exemplare<\/option>\n\t\t\t\t\t\t\t\t\t<option value=\"5 Exemplare\">5 Exemplare<\/option>\n\t\t\t\t\t\t\t<\/select>\n\t\t<\/div>\n\t\t\t\t\t\t<\/div>\n\t\t\t\t\t\t\t\t<div class=\"elementor-field-type-acceptance elementor-field-group elementor-column elementor-field-group-datenschutz elementor-col-100 elementor-field-required\">\n\t\t\t\t\t\t\t\t\t\t\t\t<label for=\"form-field-datenschutz\" class=\"elementor-field-label elementor-screen-only\">\n\t\t\t\t\t\t\t\tBestellbest\u00e4tigung\t\t\t\t\t\t\t<\/label>\n\t\t\t\t\t\t\t\t<div class=\"elementor-field-subgroup\">\n\t\t\t<span class=\"elementor-field-option\">\n\t\t\t\t<input type=\"checkbox\" name=\"form_fields[datenschutz]\" id=\"form-field-datenschutz\" class=\"elementor-field elementor-size-sm  elementor-acceptance-field\" required=\"required\">\n\t\t\t\t<label for=\"form-field-datenschutz\">Hiermit erkl\u00e4re ich mich dazu einverstanden, eine Rechnung \u00fcber die Gesamtsumme meiner Bestellung per E-Mail zu erhalten.<\/label>\t\t\t<\/span>\n\t\t<\/div>\n\t\t\t\t\t\t<\/div>\n\t\t\t\t\t\t\t\t<div class=\"elementor-field-type-acceptance elementor-field-group elementor-column elementor-field-group-field_88e5a2f elementor-col-100 elementor-field-required\">\n\t\t\t\t\t\t\t\t\t\t\t\t<label for=\"form-field-field_88e5a2f\" class=\"elementor-field-label elementor-screen-only\">\n\t\t\t\t\t\t\t\tDatenschutz\t\t\t\t\t\t\t<\/label>\n\t\t\t\t\t\t\t\t<div class=\"elementor-field-subgroup\">\n\t\t\t<span class=\"elementor-field-option\">\n\t\t\t\t<input type=\"checkbox\" name=\"form_fields[field_88e5a2f]\" id=\"form-field-field_88e5a2f\" class=\"elementor-field elementor-size-sm  elementor-acceptance-field\" required=\"required\">\n\t\t\t\t<label for=\"form-field-field_88e5a2f\"><a href=\"https:\/\/unternehmensberatung-jarosch.com\/datenschutz\/\" target=\"_blank\">Datenschutzerkl\u00e4rung.*<a> <br> Ich stimme der Datenverarbeitung zu und bin mir bewusst, dass die Daten aus dem Kontaktformular erhoben und verarbeitet werden.*<\/label>\t\t\t<\/span>\n\t\t<\/div>\n\t\t\t\t\t\t<\/div>\n\t\t\t\t\t\t\t\t<div class=\"elementor-field-group elementor-column elementor-field-type-submit elementor-col-100 e-form__buttons\">\n\t\t\t\t\t<button class=\"elementor-button elementor-size-md\" type=\"submit\">\n\t\t\t\t\t\t<span class=\"elementor-button-content-wrapper\">\n\t\t\t\t\t\t\t\t\t\t\t\t\t\t\t\t\t\t\t\t\t\t<span class=\"elementor-button-text\">Zahlungspflichtig bestellen<\/span>\n\t\t\t\t\t\t\t\t\t\t\t\t\t<\/span>\n\t\t\t\t\t<\/button>\n\t\t\t\t<\/div>\n\t\t\t<\/div>\n\t\t<\/form>\n\t\t\t\t\t\t<\/div>\n\t\t\t\t<\/div>\n\t\t\t\t\t<\/div>\n\t\t\t\t<\/div>\n\t\t\t\t<\/div>\n\t\t","protected":false},"excerpt":{"rendered":"<p>Jetzt bestellen! Vielen Dank f\u00fcr Ihr Interesse an meinem Buch &#8220;Vorausplanen \u2013 Schritt f\u00fcr Schritt von der Idee zum Produkt&#8220;.Das Buch umfasst 716 Seiten mit 137 Abbildungen \u2013 Kompendium und Erkl\u00e4rung zugleich. Es bietet einen umfassenden \u00dcberblick \u00fcber Methoden und wie man diese zum Nutzen im Bereich FMEA, Risikomanagement und Qualit\u00e4tsmanagement einsetzt. \u00dcber das folgende [&hellip;]<\/p>\n","protected":false},"author":1,"featured_media":51,"parent":0,"menu_order":0,"comment_status":"closed","ping_status":"closed","template":"elementor_header_footer","meta":{"_themeisle_gutenberg_block_has_review":false,"footnotes":""},"class_list":["post-1189","page","type-page","status-publish","has-post-thumbnail","hentry"],"_links":{"self":[{"href":"https:\/\/unternehmensberatung-jarosch.com\/en\/wp-json\/wp\/v2\/pages\/1189","targetHints":{"allow":["GET"]}}],"collection":[{"href":"https:\/\/unternehmensberatung-jarosch.com\/en\/wp-json\/wp\/v2\/pages"}],"about":[{"href":"https:\/\/unternehmensberatung-jarosch.com\/en\/wp-json\/wp\/v2\/types\/page"}],"author":[{"embeddable":true,"href":"https:\/\/unternehmensberatung-jarosch.com\/en\/wp-json\/wp\/v2\/users\/1"}],"replies":[{"embeddable":true,"href":"https:\/\/unternehmensberatung-jarosch.com\/en\/wp-json\/wp\/v2\/comments?post=1189"}],"version-history":[{"count":3,"href":"https:\/\/unternehmensberatung-jarosch.com\/en\/wp-json\/wp\/v2\/pages\/1189\/revisions"}],"predecessor-version":[{"id":2939,"href":"https:\/\/unternehmensberatung-jarosch.com\/en\/wp-json\/wp\/v2\/pages\/1189\/revisions\/2939"}],"wp:featuredmedia":[{"embeddable":true,"href":"https:\/\/unternehmensberatung-jarosch.com\/en\/wp-json\/wp\/v2\/media\/51"}],"wp:attachment":[{"href":"https:\/\/unternehmensberatung-jarosch.com\/en\/wp-json\/wp\/v2\/media?parent=1189"}],"curies":[{"name":"wp","href":"https:\/\/api.w.org\/{rel}","templated":true}]}}